{"id":98,"date":"2019-10-23T10:55:43","date_gmt":"2019-10-23T10:55:43","guid":{"rendered":"https:\/\/demo.everestthemes.com\/influence-blog\/free-demo-i\/?page_id=98"},"modified":"2022-09-11T11:41:56","modified_gmt":"2022-09-11T11:41:56","slug":"hypnotherapy-hypnotherapist-hull-yorkshire-lincolnshire-humber","status":"publish","type":"page","link":"https:\/\/mariahypnotherapy.com\/es\/maria-martinez-perez-biografia\/","title":{"rendered":"Maria Martinez-Perez, PCHyp, GQHP, PDHyp, CNHC registrada"},"content":{"rendered":"\r\n<div class=\"wp-block-columns has-2-columns is-layout-flex wp-container-core-columns-is-layout-9d6595d7 wp-block-columns-is-layout-flex\">\r\n<div class=\"wp-block-column is-layout-flow wp-block-column-is-layout-flow\" style=\"flex-basis: 33.33%;\">\r\n<figure class=\"wp-block-image size-large is-style-rounded\"><img loading=\"lazy\" decoding=\"async\" width=\"235\" height=\"426\" class=\"wp-image-600\" src=\"https:\/\/mariahypnotherapy.com\/wp-content\/uploads\/2020\/08\/maria-martinez-perez-hypnotherapist.jpg\" alt=\"maria martinez perez hypnotherapist\" srcset=\"https:\/\/mariahypnotherapy.com\/wp-content\/uploads\/2020\/08\/maria-martinez-perez-hypnotherapist.jpg 235w, https:\/\/mariahypnotherapy.com\/wp-content\/uploads\/2020\/08\/maria-martinez-perez-hypnotherapist-165x300.jpg 165w\" sizes=\"auto, (max-width: 235px) 100vw, 235px\" \/>\r\n<figcaption>Maria Martinez Perez<\/figcaption>\r\n<\/figure>\r\n<\/div>\r\n\r\n\r\n\r\n<div class=\"wp-block-column is-layout-flow wp-block-column-is-layout-flow\" style=\"flex-basis: 66.66%;\">\r\n<h3 class=\"wb-stl-heading1\">BIOGRAF\u00cdA<\/h3>\r\n<p>Mar\u00eda ha ayudado a sus clientes a alcanzar todo el potencial en sus vidas desde el 2012. Su formaci\u00f3n original fue en Derecho y Finanzas, donde trabaj\u00f3 durante casi 20 a\u00f1os. Pero siempre le interes\u00f3 la psicolog\u00eda y cualquier ciencia relacionada con la mente y el comportamiento. A mediados de la d\u00e9cada de 2000, comenz\u00f3 a estudiar diferentes terapias complementarias y alternativas, incluyendo Reiki, PNL, Life Coaching, Habilidades de comportamiento e Hipnoterapia. Maria es miembro del Registro General de Hipnoterapia (GHR) y del Consejo de Salud Complementaria y Natural (CNHC).<\/p>\r\n<\/div>\r\n<\/div>\r\n\r\n\r\n\r\n<p>Tambi\u00e9n es profesora \/ tutora del curso de hipnoterapia en el Colegio Internacional de Practicantes de Hipnoterapia Cl\u00ednica (ICCHP).<\/p>\r\n<p>&nbsp;<\/p>\r\n\r\n<p style=\"text-align: center;\"><img loading=\"lazy\" decoding=\"async\" class=\"size-thumbnail wp-image-643 aligncenter\" src=\"https:\/\/mariahypnotherapy.com\/wp-content\/uploads\/2020\/08\/complementary-natural-healthcare-council-150x150.jpg\" alt=\"complementary natural healthcare council\" width=\"150\" height=\"150\" \/><\/p>\r\n<p style=\"text-align: center;\"><img loading=\"lazy\" decoding=\"async\" class=\"wp-image-645 aligncenter\" src=\"https:\/\/mariahypnotherapy.com\/wp-content\/uploads\/2020\/08\/GHSC.png\" alt=\"GHSC\" width=\"152\" height=\"109\" \/><\/p>\r\n<p style=\"text-align: center;\"><img loading=\"lazy\" decoding=\"async\" class=\"size-full wp-image-644 aligncenter\" src=\"https:\/\/mariahypnotherapy.com\/wp-content\/uploads\/2020\/08\/GHR-e1598378669317.png\" alt=\"GHR\" width=\"150\" height=\"84\" \/><\/p>","protected":false},"excerpt":{"rendered":"<p>Mar\u00eda ha ayudado a sus clientes a alcanzar todo el potencial en sus vidas desde el 2012.<\/p>\n","protected":false},"author":2,"featured_media":0,"parent":0,"menu_order":0,"comment_status":"closed","ping_status":"closed","template":"","meta":{"footnotes":""},"class_list":["post-98","page","type-page","status-publish","hentry"],"yoast_head":"<!-- This site is optimized with the Yoast SEO plugin v27.4 - https:\/\/yoast.com\/product\/yoast-seo-wordpress\/ -->\n<title>Maria Martinez-Perez, PCHyp, GQHP, PDHyp, CNHC registrada<\/title>\n<meta name=\"description\" content=\"Mar\u00eda ha ayudado a sus clientes a alcanzar todo el potencial en sus vidas desde el 2012.\" \/>\n<meta name=\"robots\" content=\"index, follow, max-snippet:-1, max-image-preview:large, max-video-preview:-1\" \/>\n<link rel=\"canonical\" href=\"http:\/\/Mar\u00eda%20ha%20ayudado%20a%20sus%20clientes%20a%20alcanzar%20todo%20el%20potencial%20en%20sus%20vidas%20desde%20el%202012.\" \/>\n<meta property=\"og:locale\" content=\"es_ES\" \/>\n<meta property=\"og:type\" content=\"article\" \/>\n<meta property=\"og:title\" content=\"Maria Martinez-Perez, PCHyp, GQHP, PDHyp, CNHC registrada\" \/>\n<meta property=\"og:description\" content=\"Mar\u00eda ha ayudado a sus clientes a alcanzar todo el potencial en sus vidas desde el 2012.\" \/>\n<meta property=\"og:url\" content=\"https:\/\/mariahypnotherapy.com\/es\/maria-martinez-perez-biografia\/\" \/>\n<meta property=\"og:site_name\" content=\"Maria Martinez-Perez Hypnotherapy\" \/>\n<meta property=\"article:publisher\" content=\"https:\/\/www.facebook.com\/MariaMartinez.Quantum.and.Introspective.Hypnosis\" \/>\n<meta property=\"article:modified_time\" content=\"2022-09-11T11:41:56+00:00\" \/>\n<meta property=\"og:image\" content=\"https:\/\/mariahypnotherapy.com\/wp-content\/uploads\/2020\/08\/maria-martinez-perez-hypnotherapist.jpg\" \/>\n<meta name=\"twitter:card\" content=\"summary_large_image\" \/>\n<meta name=\"twitter:site\" content=\"@HealingBodyand1\" \/>\n<meta name=\"twitter:label1\" content=\"Tiempo de lectura\" \/>\n\t<meta name=\"twitter:data1\" content=\"3 minutos\" \/>\n<script type=\"application\/ld+json\" class=\"yoast-schema-graph\">{\"@context\":\"https:\\\/\\\/schema.org\",\"@graph\":[{\"@type\":\"WebPage\",\"@id\":\"https:\\\/\\\/mariahypnotherapy.com\\\/es\\\/maria-martinez-perez-biografia\\\/\",\"url\":\"https:\\\/\\\/mariahypnotherapy.com\\\/es\\\/maria-martinez-perez-biografia\\\/\",\"name\":\"Hypnotherapist in Hull - Maria Martinez-Perez Hypnotherapy\",\"isPartOf\":{\"@id\":\"https:\\\/\\\/mariahypnotherapy.com\\\/#website\"},\"primaryImageOfPage\":{\"@id\":\"https:\\\/\\\/mariahypnotherapy.com\\\/es\\\/maria-martinez-perez-biografia\\\/#primaryimage\"},\"image\":{\"@id\":\"https:\\\/\\\/mariahypnotherapy.com\\\/es\\\/maria-martinez-perez-biografia\\\/#primaryimage\"},\"thumbnailUrl\":\"https:\\\/\\\/mariahypnotherapy.com\\\/wp-content\\\/uploads\\\/2020\\\/08\\\/maria-martinez-perez-hypnotherapist.jpg\",\"datePublished\":\"2019-10-23T10:55:43+00:00\",\"dateModified\":\"2022-09-11T11:41:56+00:00\",\"description\":\"Maria is a qualified Hypnotherapist in Loughton Essex, working with adults, teenagers and children: Book a free 30min no pressure consultation\",\"breadcrumb\":{\"@id\":\"https:\\\/\\\/mariahypnotherapy.com\\\/es\\\/maria-martinez-perez-biografia\\\/#breadcrumb\"},\"inLanguage\":\"es\",\"potentialAction\":[{\"@type\":\"ReadAction\",\"target\":[\"https:\\\/\\\/mariahypnotherapy.com\\\/es\\\/maria-martinez-perez-biografia\\\/\"]}]},{\"@type\":\"ImageObject\",\"inLanguage\":\"es\",\"@id\":\"https:\\\/\\\/mariahypnotherapy.com\\\/es\\\/maria-martinez-perez-biografia\\\/#primaryimage\",\"url\":\"https:\\\/\\\/mariahypnotherapy.com\\\/wp-content\\\/uploads\\\/2020\\\/08\\\/maria-martinez-perez-hypnotherapist.jpg\",\"contentUrl\":\"https:\\\/\\\/mariahypnotherapy.com\\\/wp-content\\\/uploads\\\/2020\\\/08\\\/maria-martinez-perez-hypnotherapist.jpg\"},{\"@type\":\"BreadcrumbList\",\"@id\":\"https:\\\/\\\/mariahypnotherapy.com\\\/es\\\/maria-martinez-perez-biografia\\\/#breadcrumb\",\"itemListElement\":[{\"@type\":\"ListItem\",\"position\":1,\"name\":\"Home\",\"item\":\"https:\\\/\\\/mariahypnotherapy.com\\\/\"},{\"@type\":\"ListItem\",\"position\":2,\"name\":\"Maria Martinez-Perez, PCHyp, GQHP, PDHyp, CNHC registrada\"}]},{\"@type\":\"WebSite\",\"@id\":\"https:\\\/\\\/mariahypnotherapy.com\\\/es\\\/#website\",\"url\":\"https:\\\/\\\/mariahypnotherapy.com\\\/es\\\/\",\"name\":\"Maria Martinez - Perez Hypnotherapy\",\"description\":\"Gesti\u00f3n de la Mente y de las Emociones\",\"publisher\":{\"@id\":\"https:\\\/\\\/mariahypnotherapy.com\\\/es\\\/#organization\"},\"potentialAction\":[{\"@type\":\"SearchAction\",\"target\":{\"@type\":\"EntryPoint\",\"urlTemplate\":\"https:\\\/\\\/mariahypnotherapy.com\\\/es\\\/?s={search_term_string}\"},\"query-input\":{\"@type\":\"PropertyValueSpecification\",\"valueRequired\":true,\"valueName\":\"search_term_string\"}}],\"inLanguage\":\"es\"},{\"@type\":\"Organization\",\"@id\":\"https:\\\/\\\/mariahypnotherapy.com\\\/es\\\/#organization\",\"name\":\"Maria Martinez Perez Hypnotherapy\",\"url\":\"https:\\\/\\\/mariahypnotherapy.com\\\/es\\\/\",\"logo\":{\"@type\":\"ImageObject\",\"inLanguage\":\"es\",\"@id\":\"https:\\\/\\\/mariahypnotherapy.com\\\/es\\\/#\\\/schema\\\/logo\\\/image\\\/\",\"url\":\"https:\\\/\\\/mariahypnotherapy.com\\\/wp-content\\\/uploads\\\/2020\\\/09\\\/favicon.png\",\"contentUrl\":\"https:\\\/\\\/mariahypnotherapy.com\\\/wp-content\\\/uploads\\\/2020\\\/09\\\/favicon.png\",\"width\":500,\"height\":500,\"caption\":\"Maria Martinez Perez Hypnotherapy\"},\"image\":{\"@id\":\"https:\\\/\\\/mariahypnotherapy.com\\\/es\\\/#\\\/schema\\\/logo\\\/image\\\/\"},\"sameAs\":[\"https:\\\/\\\/www.facebook.com\\\/MariaMartinez.Quantum.and.Introspective.Hypnosis\",\"https:\\\/\\\/x.com\\\/HealingBodyand1\",\"https:\\\/\\\/www.youtube.com\\\/channel\\\/UCGUR2UbB-_kuoT4wRVy_PTA\"]}]}<\/script>\n<!-- \/ Yoast SEO plugin. -->","yoast_head_json":{"title":"Maria Martinez-Perez, PCHyp, GQHP, PDHyp, CNHC registrada","description":"Mar\u00eda ha ayudado a sus clientes a alcanzar todo el potencial en sus vidas desde el 2012.","robots":{"index":"index","follow":"follow","max-snippet":"max-snippet:-1","max-image-preview":"max-image-preview:large","max-video-preview":"max-video-preview:-1"},"canonical":"Mar\u00eda ha ayudado a sus clientes a alcanzar todo el potencial en sus vidas desde el 2012.","og_locale":"es_ES","og_type":"article","og_title":"Maria Martinez-Perez, PCHyp, GQHP, PDHyp, CNHC registrada","og_description":"Mar\u00eda ha ayudado a sus clientes a alcanzar todo el potencial en sus vidas desde el 2012.","og_url":"https:\/\/mariahypnotherapy.com\/es\/maria-martinez-perez-biografia\/","og_site_name":"Maria Martinez-Perez Hypnotherapy","article_publisher":"https:\/\/www.facebook.com\/MariaMartinez.Quantum.and.Introspective.Hypnosis","article_modified_time":"2022-09-11T11:41:56+00:00","og_image":[{"url":"https:\/\/mariahypnotherapy.com\/wp-content\/uploads\/2020\/08\/maria-martinez-perez-hypnotherapist.jpg","type":"","width":"","height":""}],"twitter_card":"summary_large_image","twitter_site":"@HealingBodyand1","twitter_misc":{"Tiempo de lectura":"3 minutos"},"schema":{"@context":"https:\/\/schema.org","@graph":[{"@type":"WebPage","@id":"https:\/\/mariahypnotherapy.com\/es\/maria-martinez-perez-biografia\/","url":"https:\/\/mariahypnotherapy.com\/es\/maria-martinez-perez-biografia\/","name":"Hypnotherapist in Hull - Maria Martinez-Perez Hypnotherapy","isPartOf":{"@id":"https:\/\/mariahypnotherapy.com\/#website"},"primaryImageOfPage":{"@id":"https:\/\/mariahypnotherapy.com\/es\/maria-martinez-perez-biografia\/#primaryimage"},"image":{"@id":"https:\/\/mariahypnotherapy.com\/es\/maria-martinez-perez-biografia\/#primaryimage"},"thumbnailUrl":"https:\/\/mariahypnotherapy.com\/wp-content\/uploads\/2020\/08\/maria-martinez-perez-hypnotherapist.jpg","datePublished":"2019-10-23T10:55:43+00:00","dateModified":"2022-09-11T11:41:56+00:00","description":"Maria is a qualified Hypnotherapist in Loughton Essex, working with adults, teenagers and children: Book a free 30min no pressure consultation","breadcrumb":{"@id":"https:\/\/mariahypnotherapy.com\/es\/maria-martinez-perez-biografia\/#breadcrumb"},"inLanguage":"es","potentialAction":[{"@type":"ReadAction","target":["https:\/\/mariahypnotherapy.com\/es\/maria-martinez-perez-biografia\/"]}]},{"@type":"ImageObject","inLanguage":"es","@id":"https:\/\/mariahypnotherapy.com\/es\/maria-martinez-perez-biografia\/#primaryimage","url":"https:\/\/mariahypnotherapy.com\/wp-content\/uploads\/2020\/08\/maria-martinez-perez-hypnotherapist.jpg","contentUrl":"https:\/\/mariahypnotherapy.com\/wp-content\/uploads\/2020\/08\/maria-martinez-perez-hypnotherapist.jpg"},{"@type":"BreadcrumbList","@id":"https:\/\/mariahypnotherapy.com\/es\/maria-martinez-perez-biografia\/#breadcrumb","itemListElement":[{"@type":"ListItem","position":1,"name":"Home","item":"https:\/\/mariahypnotherapy.com\/"},{"@type":"ListItem","position":2,"name":"Maria Martinez-Perez, PCHyp, GQHP, PDHyp, CNHC registrada"}]},{"@type":"WebSite","@id":"https:\/\/mariahypnotherapy.com\/es\/#website","url":"https:\/\/mariahypnotherapy.com\/es\/","name":"Maria Martinez - Perez Hypnotherapy","description":"Gesti\u00f3n de la Mente y de las Emociones","publisher":{"@id":"https:\/\/mariahypnotherapy.com\/es\/#organization"},"potentialAction":[{"@type":"SearchAction","target":{"@type":"EntryPoint","urlTemplate":"https:\/\/mariahypnotherapy.com\/es\/?s={search_term_string}"},"query-input":{"@type":"PropertyValueSpecification","valueRequired":true,"valueName":"search_term_string"}}],"inLanguage":"es"},{"@type":"Organization","@id":"https:\/\/mariahypnotherapy.com\/es\/#organization","name":"Maria Martinez Perez Hypnotherapy","url":"https:\/\/mariahypnotherapy.com\/es\/","logo":{"@type":"ImageObject","inLanguage":"es","@id":"https:\/\/mariahypnotherapy.com\/es\/#\/schema\/logo\/image\/","url":"https:\/\/mariahypnotherapy.com\/wp-content\/uploads\/2020\/09\/favicon.png","contentUrl":"https:\/\/mariahypnotherapy.com\/wp-content\/uploads\/2020\/09\/favicon.png","width":500,"height":500,"caption":"Maria Martinez Perez Hypnotherapy"},"image":{"@id":"https:\/\/mariahypnotherapy.com\/es\/#\/schema\/logo\/image\/"},"sameAs":["https:\/\/www.facebook.com\/MariaMartinez.Quantum.and.Introspective.Hypnosis","https:\/\/x.com\/HealingBodyand1","https:\/\/www.youtube.com\/channel\/UCGUR2UbB-_kuoT4wRVy_PTA"]}]}},"_links":{"self":[{"href":"https:\/\/mariahypnotherapy.com\/es\/wp-json\/wp\/v2\/pages\/98","targetHints":{"allow":["GET"]}}],"collection":[{"href":"https:\/\/mariahypnotherapy.com\/es\/wp-json\/wp\/v2\/pages"}],"about":[{"href":"https:\/\/mariahypnotherapy.com\/es\/wp-json\/wp\/v2\/types\/page"}],"author":[{"embeddable":true,"href":"https:\/\/mariahypnotherapy.com\/es\/wp-json\/wp\/v2\/users\/2"}],"replies":[{"embeddable":true,"href":"https:\/\/mariahypnotherapy.com\/es\/wp-json\/wp\/v2\/comments?post=98"}],"version-history":[{"count":16,"href":"https:\/\/mariahypnotherapy.com\/es\/wp-json\/wp\/v2\/pages\/98\/revisions"}],"predecessor-version":[{"id":1875,"href":"https:\/\/mariahypnotherapy.com\/es\/wp-json\/wp\/v2\/pages\/98\/revisions\/1875"}],"wp:attachment":[{"href":"https:\/\/mariahypnotherapy.com\/es\/wp-json\/wp\/v2\/media?parent=98"}],"curies":[{"name":"wp","href":"https:\/\/api.w.org\/{rel}","templated":true}]}}