{"id":714,"date":"2020-08-24T14:44:31","date_gmt":"2020-08-24T14:44:31","guid":{"rendered":"https:\/\/mariahypnotherapy.com\/DEV\/?page_id=714"},"modified":"2023-02-27T19:35:16","modified_gmt":"2023-02-27T19:35:16","slug":"qualified-hypnotherapist-hull","status":"publish","type":"page","link":"https:\/\/mariahypnotherapy.com\/es\/qualified-hypnotherapist-hull\/","title":{"rendered":"\u00bfEN QU\u00c9 PUEDO AYUDAR?"},"content":{"rendered":"<p class=\"wb-stl-normal\">La hipnosis es un estado de concentraci\u00f3n, entumecimiento o so\u00f1ar despierto en el que somos conscientes de lo que sucede a nuestro alrededor, escuchamos sonidos, podemos abrir los ojos, caminar o centrar nuestra atenci\u00f3n en\u00a0ciertos pensamientos que nos interesan.<\/p>\n<p class=\"wb-stl-normal\">\u00a0<\/p>\n<p class=\"wb-stl-normal\">Elimina el dolor , recuerda eventos olvidados, reprograma el comportamiento, mejora los recursos y las facultades del cuerpo. Es la herramienta de psicolog\u00eda m\u00e1s r\u00e1pida y eficiente para curar trastornos en la salud mental y emocional.<\/p>\n<p class=\"wb-stl-normal\">\u00a0<\/p>\n<p class=\"wb-stl-normal\">La hipnoterapia es \u00fatil para quienes buscan alivio de una variedad de problemas y se usa junto con la fuerza de voluntad y la motivaci\u00f3n de una persona para lograr el objetivo deseado. A menudo se usa para ayudar a aliviar la ansiedad, ayudar a dormir, ayudar a controlar la enuresis nocturna, abordar las actitudes hacia el peso y ayudar a los clientes a lograr un cambio de comportamiento para dejar de fumar. Puede ayudar con afecciones menores de la piel que se ven exacerbadas por problemas de estr\u00e9s y confianza en uno mismo, y tambi\u00e9n puede usarse para mejorar el rendimiento en \u00e1reas como el deporte y hablar en p\u00fablico. La hipnoterapia puede ayudar a las personas a sobrellevar y controlar el alivio del dolor percibido.<\/p>\n<p class=\"wb-stl-normal\">\u00a0<\/p>\n<p class=\"wb-stl-normal\">La hipnoterapia tambi\u00e9n se ha utilizado con adultos y ni\u00f1os para ayudar a controlar el dolor asociado con el intestino irritable. Hay evidencia que respalda su uso en esta afecci\u00f3n tanto en adultos como en ni\u00f1os, y el Instituto Nacional de Salud y Orientaci\u00f3n Cl\u00ednica (NICE) recomienda que el NHS deber\u00eda considerar derivar a los pacientes para hipnoterapia si su intestino irritable es persistente y no ha respondido a la prescripci\u00f3n del medicamento.<\/p>\n<p class=\"wb-stl-normal\">\u00a0<\/p>\n<p class=\"wb-stl-normal\">En una sesi\u00f3n t\u00edpica de hipnoterapia, Mar\u00eda hablar\u00e1 contigo sobre los cambios o los objetivos terap\u00e9uticos deseados. Tambi\u00e9n le har\u00e1 preguntas sobre su historial m\u00e9dico anterior, salud general y estilo de vida para decidir el mejor enfoque para usted.<\/p>\n","protected":false},"excerpt":{"rendered":"<p>La hipnosis es un estado de concentraci\u00f3n, entumecimiento o so\u00f1ar despierto en el que somos conscientes de lo que sucede a nuestro alrededor, escuchamos sonidos, podemos abrir los ojos, caminar&#8230;<\/p>\n","protected":false},"author":1,"featured_media":0,"parent":0,"menu_order":0,"comment_status":"closed","ping_status":"closed","template":"","meta":{"footnotes":""},"class_list":["post-714","page","type-page","status-publish","hentry"],"yoast_head":"<!-- This site is optimized with the Yoast SEO plugin v27.4 - https:\/\/yoast.com\/product\/yoast-seo-wordpress\/ -->\n<title>\u00bfEN QU\u00c9 PUEDO AYUDAR?<\/title>\n<meta name=\"description\" content=\"La hipnosis es un estado de concentraci\u00f3n, entumecimiento o so\u00f1ar despierto en el que somos conscientes de lo que sucede a nuestro alrededor, escuchamos sonidos, podemos abrir los ojos, caminar o centrar nuestra atenci\u00f3n en\u00a0ciertos pensamientos que nos interesan. \u00a0 Elimina el dolor , recuerda eventos olvidados, reprograma el comportamiento, mejora los recursos y las&hellip;\" \/>\n<meta name=\"robots\" content=\"index, follow, max-snippet:-1, max-image-preview:large, max-video-preview:-1\" \/>\n<link rel=\"canonical\" href=\"http:\/\/La%20hipnosis%20es%20un%20estado%20de%20concentraci\u00f3n,%20entumecimiento%20o%20so\u00f1ar%20despierto%20en%20el%20que%20somos%20conscientes%20de%20lo%20que%20sucede%20a%20nuestro%20alrededor,%20escuchamos%20sonidos,%20podemos%20abrir%20los%20ojos,%20caminar%20o%20centrar%20nuestra%20atenci\u00f3n%20en\u00a0ciertos%20pensamientos%20que%20nos%20interesan.%20\u00a0%20Elimina%20el%20dolor%20,%20recuerda%20eventos%20olvidados,%20reprograma%20el%20comportamiento,%20mejora%20los%20recursos%20y%20las&hellip;\" \/>\n<meta property=\"og:locale\" content=\"es_ES\" \/>\n<meta property=\"og:type\" content=\"article\" \/>\n<meta property=\"og:title\" content=\"\u00bfEN QU\u00c9 PUEDO AYUDAR?\" \/>\n<meta property=\"og:description\" content=\"La hipnosis es un estado de concentraci\u00f3n, entumecimiento o so\u00f1ar despierto en el que somos conscientes de lo que sucede a nuestro alrededor, escuchamos sonidos, podemos abrir los ojos, caminar o centrar nuestra atenci\u00f3n en\u00a0ciertos pensamientos que nos interesan. \u00a0 Elimina el dolor , recuerda eventos olvidados, reprograma el comportamiento, mejora los recursos y las&hellip;\" \/>\n<meta property=\"og:url\" content=\"https:\/\/mariahypnotherapy.com\/es\/qualified-hypnotherapist-hull\/\" \/>\n<meta property=\"og:site_name\" content=\"Maria Martinez-Perez Hypnotherapy\" \/>\n<meta property=\"article:publisher\" content=\"https:\/\/www.facebook.com\/MariaMartinez.Quantum.and.Introspective.Hypnosis\" \/>\n<meta property=\"article:modified_time\" content=\"2023-02-27T19:35:16+00:00\" \/>\n<meta property=\"og:image\" content=\"https:\/\/mariahypnotherapy.com\/wp-content\/uploads\/2020\/08\/maria-martinez-perez-hypnotherapist.jpg\" \/>\n\t<meta property=\"og:image:width\" content=\"235\" \/>\n\t<meta property=\"og:image:height\" content=\"426\" \/>\n\t<meta property=\"og:image:type\" content=\"image\/jpeg\" \/>\n<meta name=\"twitter:card\" content=\"summary_large_image\" \/>\n<meta name=\"twitter:site\" content=\"@HealingBodyand1\" \/>\n<meta name=\"twitter:label1\" content=\"Tiempo de lectura\" \/>\n\t<meta name=\"twitter:data1\" content=\"2 minutos\" \/>\n<script type=\"application\/ld+json\" class=\"yoast-schema-graph\">{\"@context\":\"https:\\\/\\\/schema.org\",\"@graph\":[{\"@type\":\"WebPage\",\"@id\":\"https:\\\/\\\/mariahypnotherapy.com\\\/es\\\/qualified-hypnotherapist-hull\\\/\",\"url\":\"https:\\\/\\\/mariahypnotherapy.com\\\/es\\\/qualified-hypnotherapist-hull\\\/\",\"name\":\"How I Can help - Maria Martinez-Perez Hypnotherapy\",\"isPartOf\":{\"@id\":\"https:\\\/\\\/mariahypnotherapy.com\\\/#website\"},\"datePublished\":\"2020-08-24T14:44:31+00:00\",\"dateModified\":\"2023-02-27T19:35:16+00:00\",\"description\":\"Looking for a qualified hypnotherapist Essex or London? How can hypnotherapy help you? Probably more ways than you can imagine! Don't wait...\",\"breadcrumb\":{\"@id\":\"https:\\\/\\\/mariahypnotherapy.com\\\/es\\\/qualified-hypnotherapist-hull\\\/#breadcrumb\"},\"inLanguage\":\"es\",\"potentialAction\":[{\"@type\":\"ReadAction\",\"target\":[\"https:\\\/\\\/mariahypnotherapy.com\\\/es\\\/qualified-hypnotherapist-hull\\\/\"]}]},{\"@type\":\"BreadcrumbList\",\"@id\":\"https:\\\/\\\/mariahypnotherapy.com\\\/es\\\/qualified-hypnotherapist-hull\\\/#breadcrumb\",\"itemListElement\":[{\"@type\":\"ListItem\",\"position\":1,\"name\":\"Home\",\"item\":\"https:\\\/\\\/mariahypnotherapy.com\\\/\"},{\"@type\":\"ListItem\",\"position\":2,\"name\":\"\u00bfEN QU\u00c9 PUEDO AYUDAR?\"}]},{\"@type\":\"WebSite\",\"@id\":\"https:\\\/\\\/mariahypnotherapy.com\\\/es\\\/#website\",\"url\":\"https:\\\/\\\/mariahypnotherapy.com\\\/es\\\/\",\"name\":\"Maria Martinez - Perez Hypnotherapy\",\"description\":\"Gesti\u00f3n de la Mente y de las Emociones\",\"publisher\":{\"@id\":\"https:\\\/\\\/mariahypnotherapy.com\\\/es\\\/#organization\"},\"potentialAction\":[{\"@type\":\"SearchAction\",\"target\":{\"@type\":\"EntryPoint\",\"urlTemplate\":\"https:\\\/\\\/mariahypnotherapy.com\\\/es\\\/?s={search_term_string}\"},\"query-input\":{\"@type\":\"PropertyValueSpecification\",\"valueRequired\":true,\"valueName\":\"search_term_string\"}}],\"inLanguage\":\"es\"},{\"@type\":\"Organization\",\"@id\":\"https:\\\/\\\/mariahypnotherapy.com\\\/es\\\/#organization\",\"name\":\"Maria Martinez Perez Hypnotherapy\",\"url\":\"https:\\\/\\\/mariahypnotherapy.com\\\/es\\\/\",\"logo\":{\"@type\":\"ImageObject\",\"inLanguage\":\"es\",\"@id\":\"https:\\\/\\\/mariahypnotherapy.com\\\/es\\\/#\\\/schema\\\/logo\\\/image\\\/\",\"url\":\"https:\\\/\\\/mariahypnotherapy.com\\\/wp-content\\\/uploads\\\/2020\\\/09\\\/favicon.png\",\"contentUrl\":\"https:\\\/\\\/mariahypnotherapy.com\\\/wp-content\\\/uploads\\\/2020\\\/09\\\/favicon.png\",\"width\":500,\"height\":500,\"caption\":\"Maria Martinez Perez Hypnotherapy\"},\"image\":{\"@id\":\"https:\\\/\\\/mariahypnotherapy.com\\\/es\\\/#\\\/schema\\\/logo\\\/image\\\/\"},\"sameAs\":[\"https:\\\/\\\/www.facebook.com\\\/MariaMartinez.Quantum.and.Introspective.Hypnosis\",\"https:\\\/\\\/x.com\\\/HealingBodyand1\",\"https:\\\/\\\/www.youtube.com\\\/channel\\\/UCGUR2UbB-_kuoT4wRVy_PTA\"]}]}<\/script>\n<!-- \/ Yoast SEO plugin. -->","yoast_head_json":{"title":"\u00bfEN QU\u00c9 PUEDO AYUDAR?","description":"La hipnosis es un estado de concentraci\u00f3n, entumecimiento o so\u00f1ar despierto en el que somos conscientes de lo que sucede a nuestro alrededor, escuchamos sonidos, podemos abrir los ojos, caminar o centrar nuestra atenci\u00f3n en\u00a0ciertos pensamientos que nos interesan. \u00a0 Elimina el dolor , recuerda eventos olvidados, reprograma el comportamiento, mejora los recursos y las&hellip;","robots":{"index":"index","follow":"follow","max-snippet":"max-snippet:-1","max-image-preview":"max-image-preview:large","max-video-preview":"max-video-preview:-1"},"canonical":"La hipnosis es un estado de concentraci\u00f3n, entumecimiento o so\u00f1ar despierto en el que somos conscientes de lo que sucede a nuestro alrededor, escuchamos sonidos, podemos abrir los ojos, caminar o centrar nuestra atenci\u00f3n en\u00a0ciertos pensamientos que nos interesan. \u00a0 Elimina el dolor , recuerda eventos olvidados, reprograma el comportamiento, mejora los recursos y las&hellip;","og_locale":"es_ES","og_type":"article","og_title":"\u00bfEN QU\u00c9 PUEDO AYUDAR?","og_description":"La hipnosis es un estado de concentraci\u00f3n, entumecimiento o so\u00f1ar despierto en el que somos conscientes de lo que sucede a nuestro alrededor, escuchamos sonidos, podemos abrir los ojos, caminar o centrar nuestra atenci\u00f3n en\u00a0ciertos pensamientos que nos interesan. \u00a0 Elimina el dolor , recuerda eventos olvidados, reprograma el comportamiento, mejora los recursos y las&hellip;","og_url":"https:\/\/mariahypnotherapy.com\/es\/qualified-hypnotherapist-hull\/","og_site_name":"Maria Martinez-Perez Hypnotherapy","article_publisher":"https:\/\/www.facebook.com\/MariaMartinez.Quantum.and.Introspective.Hypnosis","article_modified_time":"2023-02-27T19:35:16+00:00","og_image":[{"width":235,"height":426,"url":"https:\/\/mariahypnotherapy.com\/wp-content\/uploads\/2020\/08\/maria-martinez-perez-hypnotherapist.jpg","type":"image\/jpeg"}],"twitter_card":"summary_large_image","twitter_site":"@HealingBodyand1","twitter_misc":{"Tiempo de lectura":"2 minutos"},"schema":{"@context":"https:\/\/schema.org","@graph":[{"@type":"WebPage","@id":"https:\/\/mariahypnotherapy.com\/es\/qualified-hypnotherapist-hull\/","url":"https:\/\/mariahypnotherapy.com\/es\/qualified-hypnotherapist-hull\/","name":"How I Can help - Maria Martinez-Perez Hypnotherapy","isPartOf":{"@id":"https:\/\/mariahypnotherapy.com\/#website"},"datePublished":"2020-08-24T14:44:31+00:00","dateModified":"2023-02-27T19:35:16+00:00","description":"Looking for a qualified hypnotherapist Essex or London? How can hypnotherapy help you? Probably more ways than you can imagine! Don't wait...","breadcrumb":{"@id":"https:\/\/mariahypnotherapy.com\/es\/qualified-hypnotherapist-hull\/#breadcrumb"},"inLanguage":"es","potentialAction":[{"@type":"ReadAction","target":["https:\/\/mariahypnotherapy.com\/es\/qualified-hypnotherapist-hull\/"]}]},{"@type":"BreadcrumbList","@id":"https:\/\/mariahypnotherapy.com\/es\/qualified-hypnotherapist-hull\/#breadcrumb","itemListElement":[{"@type":"ListItem","position":1,"name":"Home","item":"https:\/\/mariahypnotherapy.com\/"},{"@type":"ListItem","position":2,"name":"\u00bfEN QU\u00c9 PUEDO AYUDAR?"}]},{"@type":"WebSite","@id":"https:\/\/mariahypnotherapy.com\/es\/#website","url":"https:\/\/mariahypnotherapy.com\/es\/","name":"Maria Martinez - Perez Hypnotherapy","description":"Gesti\u00f3n de la Mente y de las Emociones","publisher":{"@id":"https:\/\/mariahypnotherapy.com\/es\/#organization"},"potentialAction":[{"@type":"SearchAction","target":{"@type":"EntryPoint","urlTemplate":"https:\/\/mariahypnotherapy.com\/es\/?s={search_term_string}"},"query-input":{"@type":"PropertyValueSpecification","valueRequired":true,"valueName":"search_term_string"}}],"inLanguage":"es"},{"@type":"Organization","@id":"https:\/\/mariahypnotherapy.com\/es\/#organization","name":"Maria Martinez Perez Hypnotherapy","url":"https:\/\/mariahypnotherapy.com\/es\/","logo":{"@type":"ImageObject","inLanguage":"es","@id":"https:\/\/mariahypnotherapy.com\/es\/#\/schema\/logo\/image\/","url":"https:\/\/mariahypnotherapy.com\/wp-content\/uploads\/2020\/09\/favicon.png","contentUrl":"https:\/\/mariahypnotherapy.com\/wp-content\/uploads\/2020\/09\/favicon.png","width":500,"height":500,"caption":"Maria Martinez Perez Hypnotherapy"},"image":{"@id":"https:\/\/mariahypnotherapy.com\/es\/#\/schema\/logo\/image\/"},"sameAs":["https:\/\/www.facebook.com\/MariaMartinez.Quantum.and.Introspective.Hypnosis","https:\/\/x.com\/HealingBodyand1","https:\/\/www.youtube.com\/channel\/UCGUR2UbB-_kuoT4wRVy_PTA"]}]}},"_links":{"self":[{"href":"https:\/\/mariahypnotherapy.com\/es\/wp-json\/wp\/v2\/pages\/714","targetHints":{"allow":["GET"]}}],"collection":[{"href":"https:\/\/mariahypnotherapy.com\/es\/wp-json\/wp\/v2\/pages"}],"about":[{"href":"https:\/\/mariahypnotherapy.com\/es\/wp-json\/wp\/v2\/types\/page"}],"author":[{"embeddable":true,"href":"https:\/\/mariahypnotherapy.com\/es\/wp-json\/wp\/v2\/users\/1"}],"replies":[{"embeddable":true,"href":"https:\/\/mariahypnotherapy.com\/es\/wp-json\/wp\/v2\/comments?post=714"}],"version-history":[{"count":7,"href":"https:\/\/mariahypnotherapy.com\/es\/wp-json\/wp\/v2\/pages\/714\/revisions"}],"predecessor-version":[{"id":1886,"href":"https:\/\/mariahypnotherapy.com\/es\/wp-json\/wp\/v2\/pages\/714\/revisions\/1886"}],"wp:attachment":[{"href":"https:\/\/mariahypnotherapy.com\/es\/wp-json\/wp\/v2\/media?parent=714"}],"curies":[{"name":"wp","href":"https:\/\/api.w.org\/{rel}","templated":true}]}}