{"id":665,"date":"2020-08-23T13:22:04","date_gmt":"2020-08-23T13:22:04","guid":{"rendered":"https:\/\/mariahypnotherapy.com\/DEV\/?page_id=665"},"modified":"2020-09-12T15:58:14","modified_gmt":"2020-09-12T15:58:14","slug":"online-hypnotherapy-sessions","status":"publish","type":"page","link":"https:\/\/mariahypnotherapy.com\/es\/sesiones-de-hipnoterapia-online\/","title":{"rendered":"Sesiones de Hipnoterapia Online"},"content":{"rendered":"<p class=\"wb-stl-normal\">En mis ocho a\u00f1os de experiencia, descubr\u00ed que las sesiones virtuales &#8211; online\u00a0son tan poderosas como las sesiones en persona y que los clientes responden muy bien porque generalmente est\u00e1n m\u00e1s relajados y c\u00f3modos\u00a0en su propio entorno. Estas sesiones son ideales para clientes que no pueden asistir en persona porque viven en otras \u00e1reas, pa\u00edses o continentes o que simplemente sienten que as\u00ed usar\u00edan mejor su\u00a0valioso tiempo.<\/p>\n<p class=\"wb-stl-normal\">\u00a0<\/p>\n<p class=\"wb-stl-normal\">Estas son las pautas para tener una sesi\u00f3n virtual:<\/p>\n<ul>\n<li class=\"wb-stl-normal\">Tener una conexi\u00f3n r\u00e1pida a internet<\/li>\n<li class=\"wb-stl-normal\">Use la aplicaci\u00f3n Zoom \/ Skype \/ MS Teams en su ordenador \/ computadora,\u00a0 ordenador\u00a0port\u00e1til, tableta o Notepad. Si no ha usado ninguna de estas aplicaciones\u00a0antes, aseg\u00farese de descargar el software o la aplicaci\u00f3n adecuada\u00a0antes de la sesi\u00f3n. Prefiero Zoom, ya que generalmente es de mejor calidad. Se le enviar\u00e1n instrucciones para unirse a la reuni\u00f3n de Zoom cuando se confirme su reserva.<\/li>\n<li class=\"wb-stl-normal\">Tenga auriculares con micr\u00f3fono, como el que se muestra a continuaci\u00f3n.<\/li>\n<\/ul>\n<p class=\"wb-stl-normal\"><img loading=\"lazy\" decoding=\"async\" class=\"alignnone size-medium wp-image-666\" src=\"https:\/\/mariahypnotherapy.com\/DEV\/wp-content\/uploads\/2020\/08\/headset-300x169.jpg\" alt=\"\" width=\"300\" height=\"169\" srcset=\"https:\/\/mariahypnotherapy.com\/wp-content\/uploads\/2020\/08\/headset-300x169.jpg 300w, https:\/\/mariahypnotherapy.com\/wp-content\/uploads\/2020\/08\/headset.jpg 747w\" sizes=\"auto, (max-width: 300px) 100vw, 300px\" \/><\/p>\n<ul>\n<li class=\"wb-stl-normal\">Tenga un espacio tranquilo donde pueda estar solo y no sea interrumpido durante la sesi\u00f3n<\/li>\n<li class=\"wb-stl-normal\">Aseg\u00farese de ponerse en un lugar c\u00f3modo en un sill\u00f3n, sof\u00e1 o cama y que Maria pueda ver su cara, cuello y parte superior del pecho a trav\u00e9s del dispositivo que est\u00e9 usando durante la sesi\u00f3n. Tambi\u00e9n ser\u00eda importante que pueda atenuar o suavizar la iluminaci\u00f3n.<\/li>\n<\/ul>\n<p class=\"wb-stl-normal\">Obviamente,\u00a0una sesi\u00f3n de hipnoterapia a distancia no es apropiada o est\u00e1 indicada para todas las personas, as\u00ed que consulte conmigo antes de reservar una sesi\u00f3n<\/p>\n","protected":false},"excerpt":{"rendered":"<p>En mis ocho a\u00f1os de experiencia, descubr\u00ed que las sesiones virtuales &#8211; online\u00a0son tan poderosas como las sesiones en persona y que los clientes responden muy bien porque generalmente est\u00e1n&#8230;<\/p>\n","protected":false},"author":1,"featured_media":0,"parent":0,"menu_order":0,"comment_status":"closed","ping_status":"closed","template":"","meta":{"footnotes":""},"class_list":["post-665","page","type-page","status-publish","hentry"],"yoast_head":"<!-- This site is optimized with the Yoast SEO plugin v27.4 - https:\/\/yoast.com\/product\/yoast-seo-wordpress\/ -->\n<title>Sesiones de Hipnoterapia Online<\/title>\n<meta name=\"description\" content=\"En mis ocho a\u00f1os de experiencia, descubr\u00ed que las sesiones virtuales - online\u00a0son tan poderosas como las sesiones en persona y que los clientes responden muy bien porque generalmente est\u00e1n m\u00e1s relajados y c\u00f3modos\u00a0en su propio entorno. Estas sesiones son ideales para clientes que no pueden asistir en persona porque viven en otras \u00e1reas, pa\u00edses&hellip;\" \/>\n<meta name=\"robots\" content=\"index, follow, max-snippet:-1, max-image-preview:large, max-video-preview:-1\" \/>\n<link rel=\"canonical\" href=\"http:\/\/En%20mis%20ocho%20a\u00f1os%20de%20experiencia,%20descubr\u00ed%20que%20las%20sesiones%20virtuales%20-%20online\u00a0son%20tan%20poderosas%20como%20las%20sesiones%20en%20persona%20y%20que%20los%20clientes%20responden%20muy%20bien%20porque%20generalmente%20est\u00e1n%20m\u00e1s%20relajados%20y%20c\u00f3modos\u00a0en%20su%20propio%20entorno.%20Estas%20sesiones%20son%20ideales%20para%20clientes%20que%20no%20pueden%20asistir%20en%20persona%20porque%20viven%20en%20otras%20\u00e1reas,%20pa\u00edses&hellip;\" \/>\n<meta property=\"og:locale\" content=\"es_ES\" \/>\n<meta property=\"og:type\" content=\"article\" \/>\n<meta property=\"og:title\" content=\"Sesiones de Hipnoterapia Online\" \/>\n<meta property=\"og:description\" content=\"En mis ocho a\u00f1os de experiencia, descubr\u00ed que las sesiones virtuales - online\u00a0son tan poderosas como las sesiones en persona y que los clientes responden muy bien porque generalmente est\u00e1n m\u00e1s relajados y c\u00f3modos\u00a0en su propio entorno. Estas sesiones son ideales para clientes que no pueden asistir en persona porque viven en otras \u00e1reas, pa\u00edses&hellip;\" \/>\n<meta property=\"og:url\" content=\"https:\/\/mariahypnotherapy.com\/es\/sesiones-de-hipnoterapia-online\/\" \/>\n<meta property=\"og:site_name\" content=\"Maria Martinez-Perez Hypnotherapy\" \/>\n<meta property=\"article:publisher\" content=\"https:\/\/www.facebook.com\/MariaMartinez.Quantum.and.Introspective.Hypnosis\" \/>\n<meta property=\"article:modified_time\" content=\"2020-09-12T15:58:14+00:00\" \/>\n<meta property=\"og:image\" content=\"https:\/\/mariahypnotherapy.com\/wp-content\/uploads\/2020\/08\/headset.jpg\" \/>\n<meta name=\"twitter:card\" content=\"summary_large_image\" \/>\n<meta name=\"twitter:site\" content=\"@HealingBodyand1\" \/>\n<meta name=\"twitter:label1\" content=\"Tiempo de lectura\" \/>\n\t<meta name=\"twitter:data1\" content=\"1 minuto\" \/>\n<script type=\"application\/ld+json\" class=\"yoast-schema-graph\">{\"@context\":\"https:\\\/\\\/schema.org\",\"@graph\":[{\"@type\":\"WebPage\",\"@id\":\"https:\\\/\\\/mariahypnotherapy.com\\\/es\\\/sesiones-de-hipnoterapia-online\\\/\",\"url\":\"https:\\\/\\\/mariahypnotherapy.com\\\/es\\\/sesiones-de-hipnoterapia-online\\\/\",\"name\":\"Online Hypnotherapy Sessions - Maria Martinez-Perez Hypnotherapy\",\"isPartOf\":{\"@id\":\"https:\\\/\\\/mariahypnotherapy.com\\\/#website\"},\"primaryImageOfPage\":{\"@id\":\"https:\\\/\\\/mariahypnotherapy.com\\\/es\\\/sesiones-de-hipnoterapia-online\\\/#primaryimage\"},\"image\":{\"@id\":\"https:\\\/\\\/mariahypnotherapy.com\\\/es\\\/sesiones-de-hipnoterapia-online\\\/#primaryimage\"},\"thumbnailUrl\":\"https:\\\/\\\/mariahypnotherapy.com\\\/wp-content\\\/uploads\\\/2020\\\/08\\\/headset.jpg\",\"datePublished\":\"2020-08-23T13:22:04+00:00\",\"dateModified\":\"2020-09-12T15:58:14+00:00\",\"breadcrumb\":{\"@id\":\"https:\\\/\\\/mariahypnotherapy.com\\\/es\\\/sesiones-de-hipnoterapia-online\\\/#breadcrumb\"},\"inLanguage\":\"es\",\"potentialAction\":[{\"@type\":\"ReadAction\",\"target\":[\"https:\\\/\\\/mariahypnotherapy.com\\\/es\\\/sesiones-de-hipnoterapia-online\\\/\"]}]},{\"@type\":\"ImageObject\",\"inLanguage\":\"es\",\"@id\":\"https:\\\/\\\/mariahypnotherapy.com\\\/es\\\/sesiones-de-hipnoterapia-online\\\/#primaryimage\",\"url\":\"https:\\\/\\\/mariahypnotherapy.com\\\/wp-content\\\/uploads\\\/2020\\\/08\\\/headset.jpg\",\"contentUrl\":\"https:\\\/\\\/mariahypnotherapy.com\\\/wp-content\\\/uploads\\\/2020\\\/08\\\/headset.jpg\"},{\"@type\":\"BreadcrumbList\",\"@id\":\"https:\\\/\\\/mariahypnotherapy.com\\\/es\\\/sesiones-de-hipnoterapia-online\\\/#breadcrumb\",\"itemListElement\":[{\"@type\":\"ListItem\",\"position\":1,\"name\":\"Home\",\"item\":\"https:\\\/\\\/mariahypnotherapy.com\\\/\"},{\"@type\":\"ListItem\",\"position\":2,\"name\":\"Sesiones de Hipnoterapia Online\"}]},{\"@type\":\"WebSite\",\"@id\":\"https:\\\/\\\/mariahypnotherapy.com\\\/es\\\/#website\",\"url\":\"https:\\\/\\\/mariahypnotherapy.com\\\/es\\\/\",\"name\":\"Maria Martinez - Perez Hypnotherapy\",\"description\":\"Gesti\u00f3n de la Mente y de las Emociones\",\"publisher\":{\"@id\":\"https:\\\/\\\/mariahypnotherapy.com\\\/es\\\/#organization\"},\"potentialAction\":[{\"@type\":\"SearchAction\",\"target\":{\"@type\":\"EntryPoint\",\"urlTemplate\":\"https:\\\/\\\/mariahypnotherapy.com\\\/es\\\/?s={search_term_string}\"},\"query-input\":{\"@type\":\"PropertyValueSpecification\",\"valueRequired\":true,\"valueName\":\"search_term_string\"}}],\"inLanguage\":\"es\"},{\"@type\":\"Organization\",\"@id\":\"https:\\\/\\\/mariahypnotherapy.com\\\/es\\\/#organization\",\"name\":\"Maria Martinez Perez Hypnotherapy\",\"url\":\"https:\\\/\\\/mariahypnotherapy.com\\\/es\\\/\",\"logo\":{\"@type\":\"ImageObject\",\"inLanguage\":\"es\",\"@id\":\"https:\\\/\\\/mariahypnotherapy.com\\\/es\\\/#\\\/schema\\\/logo\\\/image\\\/\",\"url\":\"https:\\\/\\\/mariahypnotherapy.com\\\/wp-content\\\/uploads\\\/2020\\\/09\\\/favicon.png\",\"contentUrl\":\"https:\\\/\\\/mariahypnotherapy.com\\\/wp-content\\\/uploads\\\/2020\\\/09\\\/favicon.png\",\"width\":500,\"height\":500,\"caption\":\"Maria Martinez Perez Hypnotherapy\"},\"image\":{\"@id\":\"https:\\\/\\\/mariahypnotherapy.com\\\/es\\\/#\\\/schema\\\/logo\\\/image\\\/\"},\"sameAs\":[\"https:\\\/\\\/www.facebook.com\\\/MariaMartinez.Quantum.and.Introspective.Hypnosis\",\"https:\\\/\\\/x.com\\\/HealingBodyand1\",\"https:\\\/\\\/www.youtube.com\\\/channel\\\/UCGUR2UbB-_kuoT4wRVy_PTA\"]}]}<\/script>\n<!-- \/ Yoast SEO plugin. -->","yoast_head_json":{"title":"Sesiones de Hipnoterapia Online","description":"En mis ocho a\u00f1os de experiencia, descubr\u00ed que las sesiones virtuales - online\u00a0son tan poderosas como las sesiones en persona y que los clientes responden muy bien porque generalmente est\u00e1n m\u00e1s relajados y c\u00f3modos\u00a0en su propio entorno. Estas sesiones son ideales para clientes que no pueden asistir en persona porque viven en otras \u00e1reas, pa\u00edses&hellip;","robots":{"index":"index","follow":"follow","max-snippet":"max-snippet:-1","max-image-preview":"max-image-preview:large","max-video-preview":"max-video-preview:-1"},"canonical":"En mis ocho a\u00f1os de experiencia, descubr\u00ed que las sesiones virtuales - online\u00a0son tan poderosas como las sesiones en persona y que los clientes responden muy bien porque generalmente est\u00e1n m\u00e1s relajados y c\u00f3modos\u00a0en su propio entorno. Estas sesiones son ideales para clientes que no pueden asistir en persona porque viven en otras \u00e1reas, pa\u00edses&hellip;","og_locale":"es_ES","og_type":"article","og_title":"Sesiones de Hipnoterapia Online","og_description":"En mis ocho a\u00f1os de experiencia, descubr\u00ed que las sesiones virtuales - online\u00a0son tan poderosas como las sesiones en persona y que los clientes responden muy bien porque generalmente est\u00e1n m\u00e1s relajados y c\u00f3modos\u00a0en su propio entorno. Estas sesiones son ideales para clientes que no pueden asistir en persona porque viven en otras \u00e1reas, pa\u00edses&hellip;","og_url":"https:\/\/mariahypnotherapy.com\/es\/sesiones-de-hipnoterapia-online\/","og_site_name":"Maria Martinez-Perez Hypnotherapy","article_publisher":"https:\/\/www.facebook.com\/MariaMartinez.Quantum.and.Introspective.Hypnosis","article_modified_time":"2020-09-12T15:58:14+00:00","og_image":[{"url":"https:\/\/mariahypnotherapy.com\/wp-content\/uploads\/2020\/08\/headset.jpg","type":"","width":"","height":""}],"twitter_card":"summary_large_image","twitter_site":"@HealingBodyand1","twitter_misc":{"Tiempo de lectura":"1 minuto"},"schema":{"@context":"https:\/\/schema.org","@graph":[{"@type":"WebPage","@id":"https:\/\/mariahypnotherapy.com\/es\/sesiones-de-hipnoterapia-online\/","url":"https:\/\/mariahypnotherapy.com\/es\/sesiones-de-hipnoterapia-online\/","name":"Online Hypnotherapy Sessions - Maria Martinez-Perez Hypnotherapy","isPartOf":{"@id":"https:\/\/mariahypnotherapy.com\/#website"},"primaryImageOfPage":{"@id":"https:\/\/mariahypnotherapy.com\/es\/sesiones-de-hipnoterapia-online\/#primaryimage"},"image":{"@id":"https:\/\/mariahypnotherapy.com\/es\/sesiones-de-hipnoterapia-online\/#primaryimage"},"thumbnailUrl":"https:\/\/mariahypnotherapy.com\/wp-content\/uploads\/2020\/08\/headset.jpg","datePublished":"2020-08-23T13:22:04+00:00","dateModified":"2020-09-12T15:58:14+00:00","breadcrumb":{"@id":"https:\/\/mariahypnotherapy.com\/es\/sesiones-de-hipnoterapia-online\/#breadcrumb"},"inLanguage":"es","potentialAction":[{"@type":"ReadAction","target":["https:\/\/mariahypnotherapy.com\/es\/sesiones-de-hipnoterapia-online\/"]}]},{"@type":"ImageObject","inLanguage":"es","@id":"https:\/\/mariahypnotherapy.com\/es\/sesiones-de-hipnoterapia-online\/#primaryimage","url":"https:\/\/mariahypnotherapy.com\/wp-content\/uploads\/2020\/08\/headset.jpg","contentUrl":"https:\/\/mariahypnotherapy.com\/wp-content\/uploads\/2020\/08\/headset.jpg"},{"@type":"BreadcrumbList","@id":"https:\/\/mariahypnotherapy.com\/es\/sesiones-de-hipnoterapia-online\/#breadcrumb","itemListElement":[{"@type":"ListItem","position":1,"name":"Home","item":"https:\/\/mariahypnotherapy.com\/"},{"@type":"ListItem","position":2,"name":"Sesiones de Hipnoterapia Online"}]},{"@type":"WebSite","@id":"https:\/\/mariahypnotherapy.com\/es\/#website","url":"https:\/\/mariahypnotherapy.com\/es\/","name":"Maria Martinez - Perez Hypnotherapy","description":"Gesti\u00f3n de la Mente y de las Emociones","publisher":{"@id":"https:\/\/mariahypnotherapy.com\/es\/#organization"},"potentialAction":[{"@type":"SearchAction","target":{"@type":"EntryPoint","urlTemplate":"https:\/\/mariahypnotherapy.com\/es\/?s={search_term_string}"},"query-input":{"@type":"PropertyValueSpecification","valueRequired":true,"valueName":"search_term_string"}}],"inLanguage":"es"},{"@type":"Organization","@id":"https:\/\/mariahypnotherapy.com\/es\/#organization","name":"Maria Martinez Perez Hypnotherapy","url":"https:\/\/mariahypnotherapy.com\/es\/","logo":{"@type":"ImageObject","inLanguage":"es","@id":"https:\/\/mariahypnotherapy.com\/es\/#\/schema\/logo\/image\/","url":"https:\/\/mariahypnotherapy.com\/wp-content\/uploads\/2020\/09\/favicon.png","contentUrl":"https:\/\/mariahypnotherapy.com\/wp-content\/uploads\/2020\/09\/favicon.png","width":500,"height":500,"caption":"Maria Martinez Perez Hypnotherapy"},"image":{"@id":"https:\/\/mariahypnotherapy.com\/es\/#\/schema\/logo\/image\/"},"sameAs":["https:\/\/www.facebook.com\/MariaMartinez.Quantum.and.Introspective.Hypnosis","https:\/\/x.com\/HealingBodyand1","https:\/\/www.youtube.com\/channel\/UCGUR2UbB-_kuoT4wRVy_PTA"]}]}},"_links":{"self":[{"href":"https:\/\/mariahypnotherapy.com\/es\/wp-json\/wp\/v2\/pages\/665","targetHints":{"allow":["GET"]}}],"collection":[{"href":"https:\/\/mariahypnotherapy.com\/es\/wp-json\/wp\/v2\/pages"}],"about":[{"href":"https:\/\/mariahypnotherapy.com\/es\/wp-json\/wp\/v2\/types\/page"}],"author":[{"embeddable":true,"href":"https:\/\/mariahypnotherapy.com\/es\/wp-json\/wp\/v2\/users\/1"}],"replies":[{"embeddable":true,"href":"https:\/\/mariahypnotherapy.com\/es\/wp-json\/wp\/v2\/comments?post=665"}],"version-history":[{"count":0,"href":"https:\/\/mariahypnotherapy.com\/es\/wp-json\/wp\/v2\/pages\/665\/revisions"}],"wp:attachment":[{"href":"https:\/\/mariahypnotherapy.com\/es\/wp-json\/wp\/v2\/media?parent=665"}],"curies":[{"name":"wp","href":"https:\/\/api.w.org\/{rel}","templated":true}]}}