{"id":662,"date":"2020-08-23T13:15:09","date_gmt":"2020-08-23T13:15:09","guid":{"rendered":"https:\/\/mariahypnotherapy.com\/DEV\/?page_id=662"},"modified":"2020-11-03T17:39:47","modified_gmt":"2020-11-03T17:39:47","slug":"how-i-work","status":"publish","type":"page","link":"https:\/\/mariahypnotherapy.com\/es\/tecnicas-hipnoterapia\/","title":{"rendered":"T\u00e9cnicas"},"content":{"rendered":"<p class=\"wb-stl-normal\">Las personas no pueden permitirse el lujo de gastar mucho tiempo, dinero y energ\u00eda asistiendo a terapias tradicionales; por lo tanto, creo que los enfoques breves que se han desarrollado, como la Terapia Breve enfocada en soluciones, son los m\u00e1s efectivos.<\/p>\n<p class=\"wb-stl-normal\">T\u00e9cnicas enfocadas en las soluciones y\u00a0basadas en evidencias\u00a0incluyen una variedad de pr\u00e1cticas integrales, filosof\u00edas y tratamientos adaptados a cada individuo.<\/p>\n<p class=\"wb-stl-normal\">En primer lugar, har\u00e9 un historial completo del caso y analizar\u00e9 sus problemas y las metas que desea alcanzar; hablaremos de c\u00f3mo se pueden abordar y resolver y las diferentes estrategias terap\u00e9uticas que podemos implementar, y juntos acordamos el camino a seguir. Puede haber algunas tareas para completar en casa para ayudar al cambio de pensamientos, emociones y comportamientos entre sesiones. Para obtener el m\u00e1ximo beneficio, es esencial que se comprometa con el proceso; Obviamente lo asesorar\u00e9 y ayudar\u00e9 en el camino, pero su plena cooperaci\u00f3n y compromiso son primordiales.<\/p>\n<p class=\"wb-stl-normal\">Rational Emotive Cognitive Behavioral Behavioral Hypnotherapy (RECBH), es una t\u00e9cnica de vanguardia que es una combinaci\u00f3n de CBT (terapia cognitiva conductual) , REBT (Rational Emotive Behavior Therapy) e hipnoterapia y ayuda con una amplia gama de problemas de comportamiento, f\u00edsicos y emocionales.<\/p>\n<p class=\"wb-stl-normal\">Esta t\u00e9cnica es diferente de las escuelas tradicionales de hipnoterapia, ya que combina diferentes m\u00e9todos para alcanzar sus metas, valores y necesidades personales; Tambi\u00e9n incluyo y combino psicolog\u00eda positiva, programaci\u00f3n neuroling\u00fc\u00edstica (PNL), T\u00e9cnica de Libertad Emocional (EFT) y psicolog\u00eda cu\u00e1ntica, por nombrar algunos. Esta combinaci\u00f3n de t\u00e9cnicas y disciplinas me ayuda a crear un servicio personalizado\u00a0 para mis clientes porque cada persona es \u00fanica.<\/p>\n<p class=\"wb-stl-normal\">La hipnoterapia cognitiva conductual es un enfoque orientado a la acci\u00f3n para el crecimiento emocional que se centra en la capacidad de las personas para crear, alterar y controlar sus estados emocionales. El \u00e9nfasis est\u00e1 en las creencias y actitudes, emociones dolorosas y comportamientos disfuncionales que pueden sabotear una experiencia m\u00e1s plena de la vida. Este enfoque proporciona a los clientes el conocimiento y las habilidades necesarias para recuperar el control de sus propios pensamientos, sentimientos y comportamientos para abordar los problemas de manera positiva.<\/p>\n<p class=\"wb-stl-normal\">La TCC nos ayuda a comprender c\u00f3mo nuestro estilo de pensamiento y nuestras creencias afectan nuestras emociones, sentimientos, comportamientos y pensamientos, y la hipnoterapia nos ayuda a instalar nuevas creencias \u00fatiles y a cambiar los patrones de pensamiento disfuncionales, como la generalizaci\u00f3n, Baja tolerancia a la frustraci\u00f3n o culparse a uno mismo. u otras personas.<\/p>\n<p class=\"wb-stl-normal\">Por lo tanto, la parte cognitiva lo ayuda a comprender lo que sucede y lo que debe cambiarse; ense\u00f1a c\u00f3mo superar problemas, o crear soluciones o nuevos comportamientos como actuar con confianza en cualquier situaci\u00f3n; y luego las sugerencias hechas al subconsciente durante la hipnoterapia hacen que estos cambios sucedan de manera natural porque la hipnosis puede pasar por alto la mente consciente y racional, donde se mantienen los malos h\u00e1bitos, los pensamientos negativos y las respuestas, de modo que las sugerencias que se dan al subconsciente puede entrar m\u00e1s f\u00e1cil y r\u00e1pidamente en la mente consciente y ser aceptado como verdadero. Luego, puede creer, visualizar, imaginar y sentir los cambios positivos como si ya hubieran sucedido.<\/p>\n<p class=\"wb-stl-normal\">\u00a0<\/p>\n<p class=\"wb-stl-normal\">La raz\u00f3n por la que combinamos estos dos enfoques es porque los estudios cient\u00edficos han demostrado que los clientes que reciben hipnoterapia cognitiva conductual consiguen\u00a0una mejora mayor que el 80% de los clientes que reciben solo TCC.<\/p>\n<p class=\"wb-stl-normal\">\u00a0<\/p>\n<p class=\"wb-stl-normal\">Beneficios de la hipnoterapia cognitiva conductual racional:<\/p>\n<p class=\"wb-stl-normal\">\u2022 Resultados m\u00e1s r\u00e1pidos<br \/>\u2022 Identifica r\u00e1pidamente los problemas, creencias in\u00fatiles de manera racional<br \/>\u2022 Aprender\u00e1 una t\u00e9cnica que podr\u00e1 utilizar para cualquier situaci\u00f3n futura.<br \/>\u2022 La hipnosis permite aceptar las nuevas creencias \u00fatiles de manera consciente e inconsciente.<br \/>\u2022 Te ense\u00f1ar\u00e9 t\u00e9cnicas de autohipnosis para usar entre sesiones; t\u00e9cnicas que pueden brindarle muchos beneficios en otras situaciones futuras.<\/p>\n<p class=\"wb-stl-normal\">\u00a0<\/p>\n<p class=\"wb-stl-normal\">\u00a0<\/p>\n<p class=\"wb-stl-normal\">\u00a0<\/p>\n<p class=\"wb-stl-normal\">Tambi\u00e9n uso estas t\u00e9cnicas:<\/p>\n<p class=\"wb-stl-normal\">\u2022 Terapia de desensibilizaci\u00f3n y reprocesamiento del movimiento ocular (EMDR). Es un tratamiento efectivo que permite a las personas recuperarse de la angustia emocional causada por experiencias perturbadoras, como el trauma y el trastorno de estr\u00e9s postraum\u00e1tico (TEPT). Ayuda a su cerebro a procesar los pensamientos y sentimientos como lo hizo antes del evento.<\/p>\n<p class=\"wb-stl-normal\">\u2022 Psicolog\u00eda cu\u00e1ntica. Re\u00fane filosof\u00edas orientales y f\u00edsica cu\u00e1ntica, integradas en la psicolog\u00eda occidental.<\/p>\n<p class=\"wb-stl-normal\">\u2022 La Terapia de integraci\u00f3n del movimiento ocular (EMI) se usa para tratar traumas, fobias, recuerdos perturbadores y los procesos de memoria subyacentes que contribuyen a diferentes trastornos psicol\u00f3gicos.<\/p>\n<p class=\"wb-stl-normal\">\u2022 Ego State Therapy busca tratar aquellas partes disfuncionales de nuestra psique que provocan s\u00edntomas psicol\u00f3gicos y som\u00e1ticos. Es eficaz con una amplia gama de s\u00edntomas, desde dolores de cabeza menstruales hasta traumas.<\/p>\n<p class=\"wb-stl-normal\">\u2022 Regresi\u00f3n: esto implica volver al pasado para liberar emociones y bloqueos negativos.<\/p>\n","protected":false},"excerpt":{"rendered":"<p>Las personas no pueden permitirse el lujo de gastar mucho tiempo, dinero y energ\u00eda asistiendo a terapias tradicionales; por lo tanto, creo que los enfoques breves que se han desarrollado,&#8230;<\/p>\n","protected":false},"author":1,"featured_media":0,"parent":0,"menu_order":0,"comment_status":"closed","ping_status":"closed","template":"","meta":{"footnotes":""},"class_list":["post-662","page","type-page","status-publish","hentry"],"yoast_head":"<!-- This site is optimized with the Yoast SEO plugin v27.4 - https:\/\/yoast.com\/product\/yoast-seo-wordpress\/ -->\n<title>T\u00e9cnicas<\/title>\n<meta name=\"description\" content=\"Las personas no pueden permitirse el lujo de gastar mucho tiempo, dinero y energ\u00eda asistiendo a terapias tradicionales; por lo tanto, creo que los enfoques breves que se han desarrollado, como la Terapia Breve enfocada en soluciones, son los m\u00e1s efectivos. T\u00e9cnicas enfocadas en las soluciones y\u00a0basadas en evidencias\u00a0incluyen una variedad de pr\u00e1cticas integrales, filosof\u00edas&hellip;\" \/>\n<meta name=\"robots\" content=\"index, follow, max-snippet:-1, max-image-preview:large, max-video-preview:-1\" \/>\n<link rel=\"canonical\" href=\"http:\/\/Las%20personas%20no%20pueden%20permitirse%20el%20lujo%20de%20gastar%20mucho%20tiempo,%20dinero%20y%20energ\u00eda%20asistiendo%20a%20terapias%20tradicionales;%20por%20lo%20tanto,%20creo%20que%20los%20enfoques%20breves%20que%20se%20han%20desarrollado,%20como%20la%20Terapia%20Breve%20enfocada%20en%20soluciones,%20son%20los%20m\u00e1s%20efectivos.%20T\u00e9cnicas%20enfocadas%20en%20las%20soluciones%20y\u00a0basadas%20en%20evidencias\u00a0incluyen%20una%20variedad%20de%20pr\u00e1cticas%20integrales,%20filosof\u00edas&hellip;\" \/>\n<meta property=\"og:locale\" content=\"es_ES\" \/>\n<meta property=\"og:type\" content=\"article\" \/>\n<meta property=\"og:title\" content=\"T\u00e9cnicas\" \/>\n<meta property=\"og:description\" content=\"Las personas no pueden permitirse el lujo de gastar mucho tiempo, dinero y energ\u00eda asistiendo a terapias tradicionales; por lo tanto, creo que los enfoques breves que se han desarrollado, como la Terapia Breve enfocada en soluciones, son los m\u00e1s efectivos. T\u00e9cnicas enfocadas en las soluciones y\u00a0basadas en evidencias\u00a0incluyen una variedad de pr\u00e1cticas integrales, filosof\u00edas&hellip;\" \/>\n<meta property=\"og:url\" content=\"https:\/\/mariahypnotherapy.com\/es\/tecnicas-hipnoterapia\/\" \/>\n<meta property=\"og:site_name\" content=\"Maria Martinez-Perez Hypnotherapy\" \/>\n<meta property=\"article:publisher\" content=\"https:\/\/www.facebook.com\/MariaMartinez.Quantum.and.Introspective.Hypnosis\" \/>\n<meta property=\"article:modified_time\" content=\"2020-11-03T17:39:47+00:00\" \/>\n<meta property=\"og:image\" content=\"https:\/\/mariahypnotherapy.com\/wp-content\/uploads\/2020\/08\/maria-martinez-perez-hypnotherapist.jpg\" \/>\n\t<meta property=\"og:image:width\" content=\"235\" \/>\n\t<meta property=\"og:image:height\" content=\"426\" \/>\n\t<meta property=\"og:image:type\" content=\"image\/jpeg\" \/>\n<meta name=\"twitter:card\" content=\"summary_large_image\" \/>\n<meta name=\"twitter:site\" content=\"@HealingBodyand1\" \/>\n<meta name=\"twitter:label1\" content=\"Tiempo de lectura\" \/>\n\t<meta name=\"twitter:data1\" content=\"4 minutos\" \/>\n<script type=\"application\/ld+json\" class=\"yoast-schema-graph\">{\"@context\":\"https:\\\/\\\/schema.org\",\"@graph\":[{\"@type\":\"WebPage\",\"@id\":\"https:\\\/\\\/mariahypnotherapy.com\\\/es\\\/tecnicas-hipnoterapia\\\/\",\"url\":\"https:\\\/\\\/mariahypnotherapy.com\\\/es\\\/tecnicas-hipnoterapia\\\/\",\"name\":\"How I work - Maria Martinez-Perez Hypnotherapy\",\"isPartOf\":{\"@id\":\"https:\\\/\\\/mariahypnotherapy.com\\\/#website\"},\"datePublished\":\"2020-08-23T13:15:09+00:00\",\"dateModified\":\"2020-11-03T17:39:47+00:00\",\"breadcrumb\":{\"@id\":\"https:\\\/\\\/mariahypnotherapy.com\\\/es\\\/tecnicas-hipnoterapia\\\/#breadcrumb\"},\"inLanguage\":\"es\",\"potentialAction\":[{\"@type\":\"ReadAction\",\"target\":[\"https:\\\/\\\/mariahypnotherapy.com\\\/es\\\/tecnicas-hipnoterapia\\\/\"]}]},{\"@type\":\"BreadcrumbList\",\"@id\":\"https:\\\/\\\/mariahypnotherapy.com\\\/es\\\/tecnicas-hipnoterapia\\\/#breadcrumb\",\"itemListElement\":[{\"@type\":\"ListItem\",\"position\":1,\"name\":\"Home\",\"item\":\"https:\\\/\\\/mariahypnotherapy.com\\\/\"},{\"@type\":\"ListItem\",\"position\":2,\"name\":\"T\u00e9cnicas\"}]},{\"@type\":\"WebSite\",\"@id\":\"https:\\\/\\\/mariahypnotherapy.com\\\/es\\\/#website\",\"url\":\"https:\\\/\\\/mariahypnotherapy.com\\\/es\\\/\",\"name\":\"Maria Martinez - Perez Hypnotherapy\",\"description\":\"Gesti\u00f3n de la Mente y de las Emociones\",\"publisher\":{\"@id\":\"https:\\\/\\\/mariahypnotherapy.com\\\/es\\\/#organization\"},\"potentialAction\":[{\"@type\":\"SearchAction\",\"target\":{\"@type\":\"EntryPoint\",\"urlTemplate\":\"https:\\\/\\\/mariahypnotherapy.com\\\/es\\\/?s={search_term_string}\"},\"query-input\":{\"@type\":\"PropertyValueSpecification\",\"valueRequired\":true,\"valueName\":\"search_term_string\"}}],\"inLanguage\":\"es\"},{\"@type\":\"Organization\",\"@id\":\"https:\\\/\\\/mariahypnotherapy.com\\\/es\\\/#organization\",\"name\":\"Maria Martinez Perez Hypnotherapy\",\"url\":\"https:\\\/\\\/mariahypnotherapy.com\\\/es\\\/\",\"logo\":{\"@type\":\"ImageObject\",\"inLanguage\":\"es\",\"@id\":\"https:\\\/\\\/mariahypnotherapy.com\\\/es\\\/#\\\/schema\\\/logo\\\/image\\\/\",\"url\":\"https:\\\/\\\/mariahypnotherapy.com\\\/wp-content\\\/uploads\\\/2020\\\/09\\\/favicon.png\",\"contentUrl\":\"https:\\\/\\\/mariahypnotherapy.com\\\/wp-content\\\/uploads\\\/2020\\\/09\\\/favicon.png\",\"width\":500,\"height\":500,\"caption\":\"Maria Martinez Perez Hypnotherapy\"},\"image\":{\"@id\":\"https:\\\/\\\/mariahypnotherapy.com\\\/es\\\/#\\\/schema\\\/logo\\\/image\\\/\"},\"sameAs\":[\"https:\\\/\\\/www.facebook.com\\\/MariaMartinez.Quantum.and.Introspective.Hypnosis\",\"https:\\\/\\\/x.com\\\/HealingBodyand1\",\"https:\\\/\\\/www.youtube.com\\\/channel\\\/UCGUR2UbB-_kuoT4wRVy_PTA\"]}]}<\/script>\n<!-- \/ Yoast SEO plugin. -->","yoast_head_json":{"title":"T\u00e9cnicas","description":"Las personas no pueden permitirse el lujo de gastar mucho tiempo, dinero y energ\u00eda asistiendo a terapias tradicionales; por lo tanto, creo que los enfoques breves que se han desarrollado, como la Terapia Breve enfocada en soluciones, son los m\u00e1s efectivos. T\u00e9cnicas enfocadas en las soluciones y\u00a0basadas en evidencias\u00a0incluyen una variedad de pr\u00e1cticas integrales, filosof\u00edas&hellip;","robots":{"index":"index","follow":"follow","max-snippet":"max-snippet:-1","max-image-preview":"max-image-preview:large","max-video-preview":"max-video-preview:-1"},"canonical":"Las personas no pueden permitirse el lujo de gastar mucho tiempo, dinero y energ\u00eda asistiendo a terapias tradicionales; por lo tanto, creo que los enfoques breves que se han desarrollado, como la Terapia Breve enfocada en soluciones, son los m\u00e1s efectivos. T\u00e9cnicas enfocadas en las soluciones y\u00a0basadas en evidencias\u00a0incluyen una variedad de pr\u00e1cticas integrales, filosof\u00edas&hellip;","og_locale":"es_ES","og_type":"article","og_title":"T\u00e9cnicas","og_description":"Las personas no pueden permitirse el lujo de gastar mucho tiempo, dinero y energ\u00eda asistiendo a terapias tradicionales; por lo tanto, creo que los enfoques breves que se han desarrollado, como la Terapia Breve enfocada en soluciones, son los m\u00e1s efectivos. T\u00e9cnicas enfocadas en las soluciones y\u00a0basadas en evidencias\u00a0incluyen una variedad de pr\u00e1cticas integrales, filosof\u00edas&hellip;","og_url":"https:\/\/mariahypnotherapy.com\/es\/tecnicas-hipnoterapia\/","og_site_name":"Maria Martinez-Perez Hypnotherapy","article_publisher":"https:\/\/www.facebook.com\/MariaMartinez.Quantum.and.Introspective.Hypnosis","article_modified_time":"2020-11-03T17:39:47+00:00","og_image":[{"width":235,"height":426,"url":"https:\/\/mariahypnotherapy.com\/wp-content\/uploads\/2020\/08\/maria-martinez-perez-hypnotherapist.jpg","type":"image\/jpeg"}],"twitter_card":"summary_large_image","twitter_site":"@HealingBodyand1","twitter_misc":{"Tiempo de lectura":"4 minutos"},"schema":{"@context":"https:\/\/schema.org","@graph":[{"@type":"WebPage","@id":"https:\/\/mariahypnotherapy.com\/es\/tecnicas-hipnoterapia\/","url":"https:\/\/mariahypnotherapy.com\/es\/tecnicas-hipnoterapia\/","name":"How I work - Maria Martinez-Perez Hypnotherapy","isPartOf":{"@id":"https:\/\/mariahypnotherapy.com\/#website"},"datePublished":"2020-08-23T13:15:09+00:00","dateModified":"2020-11-03T17:39:47+00:00","breadcrumb":{"@id":"https:\/\/mariahypnotherapy.com\/es\/tecnicas-hipnoterapia\/#breadcrumb"},"inLanguage":"es","potentialAction":[{"@type":"ReadAction","target":["https:\/\/mariahypnotherapy.com\/es\/tecnicas-hipnoterapia\/"]}]},{"@type":"BreadcrumbList","@id":"https:\/\/mariahypnotherapy.com\/es\/tecnicas-hipnoterapia\/#breadcrumb","itemListElement":[{"@type":"ListItem","position":1,"name":"Home","item":"https:\/\/mariahypnotherapy.com\/"},{"@type":"ListItem","position":2,"name":"T\u00e9cnicas"}]},{"@type":"WebSite","@id":"https:\/\/mariahypnotherapy.com\/es\/#website","url":"https:\/\/mariahypnotherapy.com\/es\/","name":"Maria Martinez - Perez Hypnotherapy","description":"Gesti\u00f3n de la Mente y de las Emociones","publisher":{"@id":"https:\/\/mariahypnotherapy.com\/es\/#organization"},"potentialAction":[{"@type":"SearchAction","target":{"@type":"EntryPoint","urlTemplate":"https:\/\/mariahypnotherapy.com\/es\/?s={search_term_string}"},"query-input":{"@type":"PropertyValueSpecification","valueRequired":true,"valueName":"search_term_string"}}],"inLanguage":"es"},{"@type":"Organization","@id":"https:\/\/mariahypnotherapy.com\/es\/#organization","name":"Maria Martinez Perez Hypnotherapy","url":"https:\/\/mariahypnotherapy.com\/es\/","logo":{"@type":"ImageObject","inLanguage":"es","@id":"https:\/\/mariahypnotherapy.com\/es\/#\/schema\/logo\/image\/","url":"https:\/\/mariahypnotherapy.com\/wp-content\/uploads\/2020\/09\/favicon.png","contentUrl":"https:\/\/mariahypnotherapy.com\/wp-content\/uploads\/2020\/09\/favicon.png","width":500,"height":500,"caption":"Maria Martinez Perez Hypnotherapy"},"image":{"@id":"https:\/\/mariahypnotherapy.com\/es\/#\/schema\/logo\/image\/"},"sameAs":["https:\/\/www.facebook.com\/MariaMartinez.Quantum.and.Introspective.Hypnosis","https:\/\/x.com\/HealingBodyand1","https:\/\/www.youtube.com\/channel\/UCGUR2UbB-_kuoT4wRVy_PTA"]}]}},"_links":{"self":[{"href":"https:\/\/mariahypnotherapy.com\/es\/wp-json\/wp\/v2\/pages\/662","targetHints":{"allow":["GET"]}}],"collection":[{"href":"https:\/\/mariahypnotherapy.com\/es\/wp-json\/wp\/v2\/pages"}],"about":[{"href":"https:\/\/mariahypnotherapy.com\/es\/wp-json\/wp\/v2\/types\/page"}],"author":[{"embeddable":true,"href":"https:\/\/mariahypnotherapy.com\/es\/wp-json\/wp\/v2\/users\/1"}],"replies":[{"embeddable":true,"href":"https:\/\/mariahypnotherapy.com\/es\/wp-json\/wp\/v2\/comments?post=662"}],"version-history":[{"count":1,"href":"https:\/\/mariahypnotherapy.com\/es\/wp-json\/wp\/v2\/pages\/662\/revisions"}],"predecessor-version":[{"id":1657,"href":"https:\/\/mariahypnotherapy.com\/es\/wp-json\/wp\/v2\/pages\/662\/revisions\/1657"}],"wp:attachment":[{"href":"https:\/\/mariahypnotherapy.com\/es\/wp-json\/wp\/v2\/media?parent=662"}],"curies":[{"name":"wp","href":"https:\/\/api.w.org\/{rel}","templated":true}]}}