{"id":659,"date":"2020-08-23T12:47:57","date_gmt":"2020-08-23T12:47:57","guid":{"rendered":"https:\/\/mariahypnotherapy.com\/DEV\/?page_id=659"},"modified":"2022-08-25T18:59:00","modified_gmt":"2022-08-25T18:59:00","slug":"costs","status":"publish","type":"page","link":"https:\/\/mariahypnotherapy.com\/es\/costos-hipnoterapeuta\/","title":{"rendered":"\u00bfCu\u00e1nto Cuesta?"},"content":{"rendered":"\r\n<h2 class=\"wb-stl-heading2 wp-block-heading\">\u00bfCU\u00c1NTO CUESTA Hipnoterapeuta?<\/h2>\r\n<p>Debido a la crisis del coronavirus, Maria est\u00e1 llevando a cabo todas sus sesiones de hipnoterapia a trav\u00e9s de Zoom hasta nuevo aviso.<\/p>\r\n<p class=\"wb-stl-normal\">\u00a0<\/p>\r\n<p class=\"wb-stl-normal\"><strong>Consulta inicial:<\/strong>\u00a0(aproximadamente 1 hora). Incluye un archivo de audio de apoyo &#8211; GRATIS. Esta sesi\u00f3n se utiliza para determinar si la hipnoterapia es el\u00a0curso de acci\u00f3n m\u00e1s adecuado y para explicar c\u00f3mo funciona el proceso. No se hace hipnosis en esta sesi\u00f3n.<\/p>\r\n<p class=\"wb-stl-normal\">\u00a0<\/p>\r\n<p class=\"wb-stl-normal\"><strong>Sesiones posteriores<\/strong>: (aproximadamente 1 hora) &#8211; \u00a3 80 por hora.<\/p>\r\n<p class=\"wb-stl-normal\">\u00a0<\/p>\r\n<p class=\"wb-stl-normal\"><strong>Sesi\u00f3n (es) para dejar de fumar:<\/strong>\u00a0(1.5-2 horas) &#8211; Incluye archivo de audio de apoyo\u00a0&#8211; \u00a3 195.<\/p>\r\n<p class=\"wb-stl-normal\">\u00a0<\/p>\r\n<p class=\"wb-stl-normal\"><strong>Horario de atenci\u00f3n<\/strong>: lunes a s\u00e1bado<\/p>\r\n<p class=\"wb-stl-normal\"><strong>Pago:\u00a0<\/strong>Acepto efectivo y transferencia bancaria. Las tarifas se pagan al final de cada sesi\u00f3n.<\/p>\r\n<p class=\"wb-stl-normal\"><strong>Cancelaciones:<\/strong>\u00a0avise con 24 horas de anticipaci\u00f3n si necesita cancelar una cita; de lo contrario, se puede aplicar el costo de la sesi\u00f3n perdida. Una vez dicho esto, reconozco que a veces ocurren situaciones dif\u00edciles en la vida y mi prioridad siempre es tratar a las personas de manera justa. En el caso de situaciones\u00a0de \u00faltima hora no previstas, llame para posponer su sesi\u00f3n lo antes posible.<\/p>\r\n<h4 class=\"wb-stl-heading2\"><strong>\u00bfCU\u00c1NTAS SESIONES NECESITAR\u00c9?<\/strong><\/h4>\r\n<p class=\"wb-stl-normal\">La hipnoterapia es una terapia efectiva pero tambi\u00e9n depende de su motivaci\u00f3n y deseo de cambiar. Mar\u00eda quiere ayudarte en el m\u00ednimo n\u00famero de sesiones posible. Ambos revisar\u00e1n su progreso para que en cualquier momento puedan hacer un juicio valioso sobre c\u00f3mo est\u00e1 progresando la terapia.<\/p>\r\n<p class=\"wb-stl-normal\">El n\u00famero de sesiones requeridas depende de los objetivos y el progreso realizado por el cliente; en algunos casos, solo una sesi\u00f3n es suficiente, sin embargo, en casos m\u00e1s complejos, es necesario cinco o seis sesiones o m\u00e1s.<\/p>\r\n<h4 class=\"wb-stl-heading2\"><strong>\u00bfCON QU\u00c9 FRECUENCIA SON LAS SESIONES?<\/strong><\/h4>\r\n<p class=\"wb-stl-normal\">Esto depende del tipo de problema y del progreso realizado. Maria hablar\u00e1 de esto con usted y har\u00e1 sus recomendaciones, pero finalmente ser\u00e1 su decisi\u00f3n. Puede ser una vez a la semana, una vez cada quince d\u00edas, una vez al mes o incluso una vez cada pocos meses, seg\u00fan las circunstancias. Tenga en cuenta que puede ser responsable de la tarifa completa a menos que se d\u00e9 un aviso m\u00ednimo de veinticuatro horas para cancelar o reorganizar las citas.<\/p>\r\n<h4 class=\"wb-stl-heading2\">\u00bfCU\u00c1L ES EL PR\u00d3XIMO PASO?<\/h4>\r\n<p class=\"wb-stl-heading2\">Puede enviarnos un mensaje a trav\u00e9s de nuestro\u00a0<a href=\"https:\/\/mariahypnotherapy.com\/es\/Contacto\/#Languages\">formulario de contacto<\/a>,\u00a0 llamar por tel\u00e9fono al 02084180464 o mandar un mensaje al tel: +44 7942347477<\/p>\r\n","protected":false},"excerpt":{"rendered":"<p>\u00bfCU\u00c1NTO CUESTA Hipnoterapeuta? Debido a la crisis del coronavirus, Maria est\u00e1 llevando a cabo todas sus sesiones de hipnoterapia a trav\u00e9s de Zoom hasta nuevo aviso. \u00a0 Consulta inicial:\u00a0(aproximadamente 1&#8230;<\/p>\n","protected":false},"author":2,"featured_media":0,"parent":0,"menu_order":0,"comment_status":"closed","ping_status":"closed","template":"","meta":{"footnotes":""},"class_list":["post-659","page","type-page","status-publish","hentry"],"yoast_head":"<!-- This site is optimized with the Yoast SEO plugin v27.4 - https:\/\/yoast.com\/product\/yoast-seo-wordpress\/ -->\n<title>\u00bfCu\u00e1nto Cuesta?<\/title>\n<meta name=\"description\" content=\"\u00bfCU\u00c1NTO CUESTA Hipnoterapeuta? Debido a la crisis del coronavirus, Maria est\u00e1 llevando a cabo todas sus sesiones de hipnoterapia a trav\u00e9s de Zoom hasta nuevo aviso. \u00a0 Consulta inicial:\u00a0(aproximadamente 1 hora). Incluye un archivo de audio de apoyo - GRATIS. Esta sesi\u00f3n se utiliza para determinar si la hipnoterapia es el\u00a0curso de acci\u00f3n m\u00e1s adecuado&hellip;\" \/>\n<meta name=\"robots\" content=\"index, follow, max-snippet:-1, max-image-preview:large, max-video-preview:-1\" \/>\n<link rel=\"canonical\" href=\"\" \/>\n<meta property=\"og:locale\" content=\"es_ES\" \/>\n<meta property=\"og:type\" content=\"article\" \/>\n<meta property=\"og:title\" content=\"\u00bfCu\u00e1nto Cuesta?\" \/>\n<meta property=\"og:description\" content=\"\u00bfCU\u00c1NTO CUESTA Hipnoterapeuta? Debido a la crisis del coronavirus, Maria est\u00e1 llevando a cabo todas sus sesiones de hipnoterapia a trav\u00e9s de Zoom hasta nuevo aviso. \u00a0 Consulta inicial:\u00a0(aproximadamente 1 hora). Incluye un archivo de audio de apoyo - GRATIS. Esta sesi\u00f3n se utiliza para determinar si la hipnoterapia es el\u00a0curso de acci\u00f3n m\u00e1s adecuado&hellip;\" \/>\n<meta property=\"og:url\" content=\"https:\/\/mariahypnotherapy.com\/es\/costos-hipnoterapeuta\/\" \/>\n<meta property=\"og:site_name\" content=\"Maria Martinez-Perez Hypnotherapy\" \/>\n<meta property=\"article:publisher\" content=\"https:\/\/www.facebook.com\/MariaMartinez.Quantum.and.Introspective.Hypnosis\" \/>\n<meta property=\"article:modified_time\" content=\"2022-08-25T18:59:00+00:00\" \/>\n<meta property=\"og:image\" content=\"https:\/\/mariahypnotherapy.com\/wp-content\/uploads\/2020\/08\/maria-martinez-perez-hypnotherapist.jpg\" \/>\n\t<meta property=\"og:image:width\" content=\"235\" \/>\n\t<meta property=\"og:image:height\" content=\"426\" \/>\n\t<meta property=\"og:image:type\" content=\"image\/jpeg\" \/>\n<meta name=\"twitter:card\" content=\"summary_large_image\" \/>\n<meta name=\"twitter:site\" content=\"@HealingBodyand1\" \/>\n<meta name=\"twitter:label1\" content=\"Tiempo de lectura\" \/>\n\t<meta name=\"twitter:data1\" content=\"2 minutos\" \/>\n<script type=\"application\/ld+json\" class=\"yoast-schema-graph\">{\"@context\":\"https:\\\/\\\/schema.org\",\"@graph\":[{\"@type\":\"WebPage\",\"@id\":\"https:\\\/\\\/mariahypnotherapy.com\\\/es\\\/costos-hipnoterapeuta\\\/\",\"url\":\"https:\\\/\\\/mariahypnotherapy.com\\\/es\\\/costos-hipnoterapeuta\\\/\",\"name\":\"Costs - Maria Martinez-Perez Hypnotherapy\",\"isPartOf\":{\"@id\":\"https:\\\/\\\/mariahypnotherapy.com\\\/#website\"},\"datePublished\":\"2020-08-23T12:47:57+00:00\",\"dateModified\":\"2022-08-25T18:59:00+00:00\",\"breadcrumb\":{\"@id\":\"https:\\\/\\\/mariahypnotherapy.com\\\/es\\\/costos-hipnoterapeuta\\\/#breadcrumb\"},\"inLanguage\":\"es\",\"potentialAction\":[{\"@type\":\"ReadAction\",\"target\":[\"https:\\\/\\\/mariahypnotherapy.com\\\/es\\\/costos-hipnoterapeuta\\\/\"]}]},{\"@type\":\"BreadcrumbList\",\"@id\":\"https:\\\/\\\/mariahypnotherapy.com\\\/es\\\/costos-hipnoterapeuta\\\/#breadcrumb\",\"itemListElement\":[{\"@type\":\"ListItem\",\"position\":1,\"name\":\"Home\",\"item\":\"https:\\\/\\\/mariahypnotherapy.com\\\/\"},{\"@type\":\"ListItem\",\"position\":2,\"name\":\"\u00bfCu\u00e1nto Cuesta?\"}]},{\"@type\":\"WebSite\",\"@id\":\"https:\\\/\\\/mariahypnotherapy.com\\\/es\\\/#website\",\"url\":\"https:\\\/\\\/mariahypnotherapy.com\\\/es\\\/\",\"name\":\"Maria Martinez - Perez Hypnotherapy\",\"description\":\"Gesti\u00f3n de la Mente y de las Emociones\",\"publisher\":{\"@id\":\"https:\\\/\\\/mariahypnotherapy.com\\\/es\\\/#organization\"},\"potentialAction\":[{\"@type\":\"SearchAction\",\"target\":{\"@type\":\"EntryPoint\",\"urlTemplate\":\"https:\\\/\\\/mariahypnotherapy.com\\\/es\\\/?s={search_term_string}\"},\"query-input\":{\"@type\":\"PropertyValueSpecification\",\"valueRequired\":true,\"valueName\":\"search_term_string\"}}],\"inLanguage\":\"es\"},{\"@type\":\"Organization\",\"@id\":\"https:\\\/\\\/mariahypnotherapy.com\\\/es\\\/#organization\",\"name\":\"Maria Martinez Perez Hypnotherapy\",\"url\":\"https:\\\/\\\/mariahypnotherapy.com\\\/es\\\/\",\"logo\":{\"@type\":\"ImageObject\",\"inLanguage\":\"es\",\"@id\":\"https:\\\/\\\/mariahypnotherapy.com\\\/es\\\/#\\\/schema\\\/logo\\\/image\\\/\",\"url\":\"https:\\\/\\\/mariahypnotherapy.com\\\/wp-content\\\/uploads\\\/2020\\\/09\\\/favicon.png\",\"contentUrl\":\"https:\\\/\\\/mariahypnotherapy.com\\\/wp-content\\\/uploads\\\/2020\\\/09\\\/favicon.png\",\"width\":500,\"height\":500,\"caption\":\"Maria Martinez Perez Hypnotherapy\"},\"image\":{\"@id\":\"https:\\\/\\\/mariahypnotherapy.com\\\/es\\\/#\\\/schema\\\/logo\\\/image\\\/\"},\"sameAs\":[\"https:\\\/\\\/www.facebook.com\\\/MariaMartinez.Quantum.and.Introspective.Hypnosis\",\"https:\\\/\\\/x.com\\\/HealingBodyand1\",\"https:\\\/\\\/www.youtube.com\\\/channel\\\/UCGUR2UbB-_kuoT4wRVy_PTA\"]}]}<\/script>\n<!-- \/ Yoast SEO plugin. -->","yoast_head_json":{"title":"\u00bfCu\u00e1nto Cuesta?","description":"\u00bfCU\u00c1NTO CUESTA Hipnoterapeuta? Debido a la crisis del coronavirus, Maria est\u00e1 llevando a cabo todas sus sesiones de hipnoterapia a trav\u00e9s de Zoom hasta nuevo aviso. \u00a0 Consulta inicial:\u00a0(aproximadamente 1 hora). Incluye un archivo de audio de apoyo - GRATIS. Esta sesi\u00f3n se utiliza para determinar si la hipnoterapia es el\u00a0curso de acci\u00f3n m\u00e1s adecuado&hellip;","robots":{"index":"index","follow":"follow","max-snippet":"max-snippet:-1","max-image-preview":"max-image-preview:large","max-video-preview":"max-video-preview:-1"},"canonical":"\u00bfCU\u00c1NTO CUESTA Hipnoterapeuta? Debido a la crisis del coronavirus, Maria est\u00e1 llevando a cabo todas sus sesiones de hipnoterapia a trav\u00e9s de Zoom hasta nuevo aviso. \u00a0 Consulta inicial:\u00a0(aproximadamente 1 hora). Incluye un archivo de audio de apoyo - GRATIS. Esta sesi\u00f3n se utiliza para determinar si la hipnoterapia es el\u00a0curso de acci\u00f3n m\u00e1s adecuado&hellip;","og_locale":"es_ES","og_type":"article","og_title":"\u00bfCu\u00e1nto Cuesta?","og_description":"\u00bfCU\u00c1NTO CUESTA Hipnoterapeuta? Debido a la crisis del coronavirus, Maria est\u00e1 llevando a cabo todas sus sesiones de hipnoterapia a trav\u00e9s de Zoom hasta nuevo aviso. \u00a0 Consulta inicial:\u00a0(aproximadamente 1 hora). Incluye un archivo de audio de apoyo - GRATIS. Esta sesi\u00f3n se utiliza para determinar si la hipnoterapia es el\u00a0curso de acci\u00f3n m\u00e1s adecuado&hellip;","og_url":"https:\/\/mariahypnotherapy.com\/es\/costos-hipnoterapeuta\/","og_site_name":"Maria Martinez-Perez Hypnotherapy","article_publisher":"https:\/\/www.facebook.com\/MariaMartinez.Quantum.and.Introspective.Hypnosis","article_modified_time":"2022-08-25T18:59:00+00:00","og_image":[{"width":235,"height":426,"url":"https:\/\/mariahypnotherapy.com\/wp-content\/uploads\/2020\/08\/maria-martinez-perez-hypnotherapist.jpg","type":"image\/jpeg"}],"twitter_card":"summary_large_image","twitter_site":"@HealingBodyand1","twitter_misc":{"Tiempo de lectura":"2 minutos"},"schema":{"@context":"https:\/\/schema.org","@graph":[{"@type":"WebPage","@id":"https:\/\/mariahypnotherapy.com\/es\/costos-hipnoterapeuta\/","url":"https:\/\/mariahypnotherapy.com\/es\/costos-hipnoterapeuta\/","name":"Costs - Maria Martinez-Perez Hypnotherapy","isPartOf":{"@id":"https:\/\/mariahypnotherapy.com\/#website"},"datePublished":"2020-08-23T12:47:57+00:00","dateModified":"2022-08-25T18:59:00+00:00","breadcrumb":{"@id":"https:\/\/mariahypnotherapy.com\/es\/costos-hipnoterapeuta\/#breadcrumb"},"inLanguage":"es","potentialAction":[{"@type":"ReadAction","target":["https:\/\/mariahypnotherapy.com\/es\/costos-hipnoterapeuta\/"]}]},{"@type":"BreadcrumbList","@id":"https:\/\/mariahypnotherapy.com\/es\/costos-hipnoterapeuta\/#breadcrumb","itemListElement":[{"@type":"ListItem","position":1,"name":"Home","item":"https:\/\/mariahypnotherapy.com\/"},{"@type":"ListItem","position":2,"name":"\u00bfCu\u00e1nto Cuesta?"}]},{"@type":"WebSite","@id":"https:\/\/mariahypnotherapy.com\/es\/#website","url":"https:\/\/mariahypnotherapy.com\/es\/","name":"Maria Martinez - Perez Hypnotherapy","description":"Gesti\u00f3n de la Mente y de las Emociones","publisher":{"@id":"https:\/\/mariahypnotherapy.com\/es\/#organization"},"potentialAction":[{"@type":"SearchAction","target":{"@type":"EntryPoint","urlTemplate":"https:\/\/mariahypnotherapy.com\/es\/?s={search_term_string}"},"query-input":{"@type":"PropertyValueSpecification","valueRequired":true,"valueName":"search_term_string"}}],"inLanguage":"es"},{"@type":"Organization","@id":"https:\/\/mariahypnotherapy.com\/es\/#organization","name":"Maria Martinez Perez Hypnotherapy","url":"https:\/\/mariahypnotherapy.com\/es\/","logo":{"@type":"ImageObject","inLanguage":"es","@id":"https:\/\/mariahypnotherapy.com\/es\/#\/schema\/logo\/image\/","url":"https:\/\/mariahypnotherapy.com\/wp-content\/uploads\/2020\/09\/favicon.png","contentUrl":"https:\/\/mariahypnotherapy.com\/wp-content\/uploads\/2020\/09\/favicon.png","width":500,"height":500,"caption":"Maria Martinez Perez Hypnotherapy"},"image":{"@id":"https:\/\/mariahypnotherapy.com\/es\/#\/schema\/logo\/image\/"},"sameAs":["https:\/\/www.facebook.com\/MariaMartinez.Quantum.and.Introspective.Hypnosis","https:\/\/x.com\/HealingBodyand1","https:\/\/www.youtube.com\/channel\/UCGUR2UbB-_kuoT4wRVy_PTA"]}]}},"_links":{"self":[{"href":"https:\/\/mariahypnotherapy.com\/es\/wp-json\/wp\/v2\/pages\/659","targetHints":{"allow":["GET"]}}],"collection":[{"href":"https:\/\/mariahypnotherapy.com\/es\/wp-json\/wp\/v2\/pages"}],"about":[{"href":"https:\/\/mariahypnotherapy.com\/es\/wp-json\/wp\/v2\/types\/page"}],"author":[{"embeddable":true,"href":"https:\/\/mariahypnotherapy.com\/es\/wp-json\/wp\/v2\/users\/2"}],"replies":[{"embeddable":true,"href":"https:\/\/mariahypnotherapy.com\/es\/wp-json\/wp\/v2\/comments?post=659"}],"version-history":[{"count":1,"href":"https:\/\/mariahypnotherapy.com\/es\/wp-json\/wp\/v2\/pages\/659\/revisions"}],"predecessor-version":[{"id":1880,"href":"https:\/\/mariahypnotherapy.com\/es\/wp-json\/wp\/v2\/pages\/659\/revisions\/1880"}],"wp:attachment":[{"href":"https:\/\/mariahypnotherapy.com\/es\/wp-json\/wp\/v2\/media?parent=659"}],"curies":[{"name":"wp","href":"https:\/\/api.w.org\/{rel}","templated":true}]}}