{"id":653,"date":"2020-08-22T14:21:54","date_gmt":"2020-08-22T14:21:54","guid":{"rendered":"https:\/\/mariahypnotherapy.com\/DEV\/?page_id=653"},"modified":"2020-08-22T14:27:36","modified_gmt":"2020-08-22T14:27:36","slug":"what-is-hypnotherapy-faq","status":"publish","type":"page","link":"https:\/\/mariahypnotherapy.com\/es\/que-es-la-hipnoterapia-preguntas-mas-frecuentes\/","title":{"rendered":"\u00bfQu\u00e9 es la hipnoterapia? Preguntas m\u00e1s frecuentes"},"content":{"rendered":"<h2 class=\"wb-stl-normal\">\u00bfQu\u00e9 es la Hipnoterapia?<\/h2>\n<p class=\"wb-stl-normal\">La terapia psicol\u00f3gica y la asesor\u00eda psicol\u00f3gica (a veces denominada \u00abterapia verbal\u00bb) es el tratamiento de los trastornos emocionales y psicol\u00f3gicos, los h\u00e1bitos no deseados y los sentimientos y emociones que no ayudan a la persona, utilizando solo t\u00e9cnicas psicol\u00f3gicas. El objetivo de todas esas terapias es ayudar a las personas a encontrar alternativas significativas a sus actuales formas insatisfactorias de pensar, sentir o comportarse. La terapia tambi\u00e9n tiende a ayudar a los clientes a aceptarse m\u00e1s a s\u00ed mismos y a los dem\u00e1s y puede ser m\u00e1s \u00fatil para promover el desarrollo personal y desbloquear el potencial interno.<\/p>\n<p class=\"wb-stl-normal\">Existen muchas formas de terapia psicol\u00f3gica, pero la hipnoterapia es distintiva porque trata de abordar la mente subconsciente del cliente. En la pr\u00e1ctica, el Hipnoterapeuta a menudo (pero no exclusivamente) requiere que el cliente est\u00e9 en un estado relajado, con frecuencia alista el poder de la imaginaci\u00f3n del cliente y puede utilizar una amplia gama de t\u00e9cnicas de narraci\u00f3n de historias, met\u00e1foras o simbolismos ( ajustados al cliente individual) al uso de sugerencias directas para un cambio beneficioso. Las t\u00e9cnicas anal\u00edticas tambi\u00e9n pueden emplearse en un intento de descubrir problemas que se consideran del pasado del\u00a0cliente o la terapia puede concentrarse m\u00e1s en la vida actual del cliente y los problemas que tiene ahora. En general, se considera \u00fatil si el cliente est\u00e1 personalmente motivado para lograr cambios\u00a0(en lugar de depender \u00fanicamente de los esfuerzos del terapeuta), aunque la creencia en la posibilidad de un cambio beneficioso puede ser un punto de partida suficiente.<\/p>\n<p class=\"wb-stl-normal\">Independientemente de las t\u00e9cnicas empleadas, quiz\u00e1s lo m\u00e1s importante es que el\u00a0cliente debe esperar sentirse c\u00f3modo y a gusto con su terapeuta. Esto es de particular importancia en la hipnoterapia, en la cual el valor del tratamiento se mejora mucho cuando hay confianza en el profesional.<\/p>\n<p class=\"wb-stl-normal\">A diferencia de muchas otras terapias psicol\u00f3gicas, la hipnoterapia generalmente se considera un enfoque a corto plazo en el que el cambio beneficioso\u00a0deber\u00eda hacerse evidente en relativamente pocas sesiones.<\/p>\n<p class=\"wb-stl-normal\">(Nota: en la pr\u00e1ctica, la mayor\u00eda de los hipnoterapeutas combinamos\u00a0los procedimientos hipn\u00f3ticos con otras t\u00e9cnicas terap\u00e9uticas y de asesoramiento apropiadas. Si hubiera alguna duda sobre la combinaci\u00f3n de t\u00e9cnicas utilizadas en casos individuales, se debe pedir al terapeuta directamente una explicaci\u00f3n adicional de su metodolog\u00eda preferida. )<\/p>\n<h3 class=\"wb-stl-normal\">\u00bfQui\u00e9n puede ser hipnotizado?\u00a0 \u00a0<\/h3>\n<p class=\"wb-stl-normal\">La respuesta a esta pregunta es, sin duda, \u00abpr\u00e1cticamente todos\u00bb. Sin embargo, esta afirmaci\u00f3n debe calificarse por la observaci\u00f3n de que algunos son m\u00e1s f\u00e1cilmente hipnotizables que otros y que tambi\u00e9n depender\u00e1 de la voluntad de uno para ser hipnotizado en ese momento. Esta buena voluntad depender\u00e1 de una serie de factores, entre los cuales se contar\u00e1 la fuerza de la necesidad particular de la persona y su confianza en el terapeuta en cuesti\u00f3n. Un corolario a esta pregunta es \u00ab\u00bfQu\u00e9 nivel de trance se requiere para lograr un resultado beneficioso?\u00bb Aunque sigue habiendo cierto desacuerdo sobre la respuesta, la mayor\u00eda de los investigadores coinciden en que el nivel (o profundidad) real de trance experimentado no se relaciona con el resultados beneficiosos que se pueden obtener. En la pr\u00e1ctica, esto significa que incluso cuando una persona siente que no ha sido hipnotizada, dado el tiempo necesario (y este es un factor muy importante), el resultado deseado de la terapia puede materializarse. Esta cuesti\u00f3n de tiempo es especialmente importante en nuestra sociedad actual, que, en muchos aspectos, ha sido obligada a creer que la satisfacci\u00f3n de cada deseo debe ser instant\u00e1nea. La hipnoterapia es extraordinariamente efectiva, pero no es m\u00e1gica. Sin embargo, si los ingredientes correctos est\u00e1n presentes, si es el momento adecuado y si se hace con un profesional adecuado con el que el cliente est\u00e9 dispuesto a trabajar, entonces se pueden lograr todos sus objetivos ( que sean realistas).<\/p>\n<h3 class=\"wb-stl-normal\">\u00bfQui\u00e9n puede beneficiarse de la hipnoterapia?<\/h3>\n<p class=\"wb-stl-normal\">Una vez m\u00e1s, la respuesta a esta pregunta es \u00abpr\u00e1cticamente todos\u00bb. Dado que la hipnoterapia se puede utilizar para acceder al potencial interno de una persona y que probablemente nadie vive su potencial real, entonces esta respuesta es literalmente cierta. Sin embargo, la hipnoterapia no solo aborda el potencial de las personas, sino tambi\u00e9n los recursos internos para lograr un cambio beneficioso. En este sentido, es la capacidad de curaci\u00f3n innata de nuestro propio cuerpo que puede ser estimulada por la hipnoterapia. En consecuencia, la lista de problemas que pueden ser susceptibles de hipnoterapia es demasiado larga y variada para catalogar, pero ciertamente incluye: estr\u00e9s, ansiedad, p\u00e1nico, fobias, h\u00e1bitos no deseados y adicciones (por ejemplo, fumar, comer en exceso, alcoholismo), patrones de sue\u00f1o interrumpidos, falta de confianza en uno mismo y baja autoestima, miedo a los ex\u00e1menes y hablar en p\u00fablico, alergias y trastornos de la piel, migra\u00f1a y s\u00edndrome del intestino irritable (SII). Adem\u00e1s, ha demostrado ser valiosa dentro de la cirug\u00eda, donde los anest\u00e9sicos normales no han sido pr\u00e1cticos, en la esfera m\u00e1s amplia del tratamiento del dolor y en las \u00e1reas de mejora del rendimiento deportivo y art\u00edstico. Como complemento de otras t\u00e9cnicas de asesoramiento, tambi\u00e9n puede ayudar a resolver las dificultades de relaciones personales y ser \u00fatil dentro de las estrategias de manejo de la ira, rabia o enfado.<\/p>\n<p class=\"wb-stl-normal\">Si bien existen muchas otras \u00e1reas del bienestar humano en las que la hipnoterapia puede brindar alivio, hay casos en los que puede estar contraindicada. Estos podr\u00edan incluir algunas manifestaciones de enfermedad depresiva, epilepsia, psicosis (por ejemplo, esquizofrenia) y algunos problemas respiratorios.<\/p>\n<h3 class=\"wb-stl-normal\"><strong>Dudas comunes<\/strong><\/h3>\n<p class=\"wb-stl-normal\">A las personas a veces les preocupa pensar que \u00abpueden perder el control\u00bb durante\u00a0la hipnosis. Sin embargo, el consenso general indica que, independientemente de cu\u00e1n profundamente puedan llegar las personas en la hipnosis y por pasivas que parezcan ser, en realidad permanecen en control total de la situaci\u00f3n. Pueden hablar si lo desean (o no, seg\u00fan sea el caso) y pueden ponerse de pie y salir de la habitaci\u00f3n en cualquier momento. Tampoco se puede obligar a una persona hipnotizada a hacer nada en contra de su juicio \u00e9tico o moral habitual o creencia religiosa.\u00a0<\/p>\n","protected":false},"excerpt":{"rendered":"<p>\u00bfQu\u00e9 es la Hipnoterapia? La terapia psicol\u00f3gica y la asesor\u00eda psicol\u00f3gica (a veces denominada \u00abterapia verbal\u00bb) es el tratamiento de los trastornos emocionales y psicol\u00f3gicos, los h\u00e1bitos no deseados y&#8230;<\/p>\n","protected":false},"author":1,"featured_media":0,"parent":0,"menu_order":0,"comment_status":"closed","ping_status":"closed","template":"","meta":{"footnotes":""},"class_list":["post-653","page","type-page","status-publish","hentry"],"yoast_head":"<!-- This site is optimized with the Yoast SEO plugin v27.4 - https:\/\/yoast.com\/product\/yoast-seo-wordpress\/ -->\n<title>\u00bfQu\u00e9 es la hipnoterapia? Preguntas m\u00e1s frecuentes<\/title>\n<meta name=\"description\" content=\"\u00bfQu\u00e9 es la Hipnoterapia? La terapia psicol\u00f3gica y la asesor\u00eda psicol\u00f3gica (a veces denominada &quot;terapia verbal&quot;) es el tratamiento de los trastornos emocionales y psicol\u00f3gicos, los h\u00e1bitos no deseados y los sentimientos y emociones que no ayudan a la persona, utilizando solo t\u00e9cnicas psicol\u00f3gicas. El objetivo de todas esas terapias es ayudar a las personas&hellip;\" \/>\n<meta name=\"robots\" content=\"index, follow, max-snippet:-1, max-image-preview:large, max-video-preview:-1\" \/>\n<link rel=\"canonical\" href=\"http:\/\/\u00bfQu\u00e9%20es%20la%20Hipnoterapia?%20La%20terapia%20psicol\u00f3gica%20y%20la%20asesor\u00eda%20psicol\u00f3gica%20(a%20veces%20denominada%20terapia%20verbal)%20es%20el%20tratamiento%20de%20los%20trastornos%20emocionales%20y%20psicol\u00f3gicos,%20los%20h\u00e1bitos%20no%20deseados%20y%20los%20sentimientos%20y%20emociones%20que%20no%20ayudan%20a%20la%20persona,%20utilizando%20solo%20t\u00e9cnicas%20psicol\u00f3gicas.%20El%20objetivo%20de%20todas%20esas%20terapias%20es%20ayudar%20a%20las%20personas&hellip;\" \/>\n<meta property=\"og:locale\" content=\"es_ES\" \/>\n<meta property=\"og:type\" content=\"article\" \/>\n<meta property=\"og:title\" content=\"\u00bfQu\u00e9 es la hipnoterapia? Preguntas m\u00e1s frecuentes\" \/>\n<meta property=\"og:description\" content=\"\u00bfQu\u00e9 es la Hipnoterapia? La terapia psicol\u00f3gica y la asesor\u00eda psicol\u00f3gica (a veces denominada &quot;terapia verbal&quot;) es el tratamiento de los trastornos emocionales y psicol\u00f3gicos, los h\u00e1bitos no deseados y los sentimientos y emociones que no ayudan a la persona, utilizando solo t\u00e9cnicas psicol\u00f3gicas. El objetivo de todas esas terapias es ayudar a las personas&hellip;\" \/>\n<meta property=\"og:url\" content=\"https:\/\/mariahypnotherapy.com\/es\/que-es-la-hipnoterapia-preguntas-mas-frecuentes\/\" \/>\n<meta property=\"og:site_name\" content=\"Maria Martinez-Perez Hypnotherapy\" \/>\n<meta property=\"article:publisher\" content=\"https:\/\/www.facebook.com\/MariaMartinez.Quantum.and.Introspective.Hypnosis\" \/>\n<meta property=\"article:modified_time\" content=\"2020-08-22T14:27:36+00:00\" \/>\n<meta property=\"og:image\" content=\"https:\/\/mariahypnotherapy.com\/wp-content\/uploads\/2020\/08\/maria-martinez-perez-hypnotherapist.jpg\" \/>\n\t<meta property=\"og:image:width\" content=\"235\" \/>\n\t<meta property=\"og:image:height\" content=\"426\" \/>\n\t<meta property=\"og:image:type\" content=\"image\/jpeg\" \/>\n<meta name=\"twitter:card\" content=\"summary_large_image\" \/>\n<meta name=\"twitter:site\" content=\"@HealingBodyand1\" \/>\n<meta name=\"twitter:label1\" content=\"Tiempo de lectura\" \/>\n\t<meta name=\"twitter:data1\" content=\"5 minutos\" \/>\n<script type=\"application\/ld+json\" class=\"yoast-schema-graph\">{\"@context\":\"https:\\\/\\\/schema.org\",\"@graph\":[{\"@type\":\"WebPage\",\"@id\":\"https:\\\/\\\/mariahypnotherapy.com\\\/es\\\/que-es-la-hipnoterapia-preguntas-mas-frecuentes\\\/\",\"url\":\"https:\\\/\\\/mariahypnotherapy.com\\\/es\\\/que-es-la-hipnoterapia-preguntas-mas-frecuentes\\\/\",\"name\":\"Hypnotherapy FAQ's - Maria Martinez-Perez Hypnotherapy\",\"isPartOf\":{\"@id\":\"https:\\\/\\\/mariahypnotherapy.com\\\/#website\"},\"datePublished\":\"2020-08-22T14:21:54+00:00\",\"dateModified\":\"2020-08-22T14:27:36+00:00\",\"breadcrumb\":{\"@id\":\"https:\\\/\\\/mariahypnotherapy.com\\\/es\\\/que-es-la-hipnoterapia-preguntas-mas-frecuentes\\\/#breadcrumb\"},\"inLanguage\":\"es\",\"potentialAction\":[{\"@type\":\"ReadAction\",\"target\":[\"https:\\\/\\\/mariahypnotherapy.com\\\/es\\\/que-es-la-hipnoterapia-preguntas-mas-frecuentes\\\/\"]}]},{\"@type\":\"BreadcrumbList\",\"@id\":\"https:\\\/\\\/mariahypnotherapy.com\\\/es\\\/que-es-la-hipnoterapia-preguntas-mas-frecuentes\\\/#breadcrumb\",\"itemListElement\":[{\"@type\":\"ListItem\",\"position\":1,\"name\":\"Home\",\"item\":\"https:\\\/\\\/mariahypnotherapy.com\\\/\"},{\"@type\":\"ListItem\",\"position\":2,\"name\":\"\u00bfQu\u00e9 es la hipnoterapia? Preguntas m\u00e1s frecuentes\"}]},{\"@type\":\"WebSite\",\"@id\":\"https:\\\/\\\/mariahypnotherapy.com\\\/es\\\/#website\",\"url\":\"https:\\\/\\\/mariahypnotherapy.com\\\/es\\\/\",\"name\":\"Maria Martinez - Perez Hypnotherapy\",\"description\":\"Gesti\u00f3n de la Mente y de las Emociones\",\"publisher\":{\"@id\":\"https:\\\/\\\/mariahypnotherapy.com\\\/es\\\/#organization\"},\"potentialAction\":[{\"@type\":\"SearchAction\",\"target\":{\"@type\":\"EntryPoint\",\"urlTemplate\":\"https:\\\/\\\/mariahypnotherapy.com\\\/es\\\/?s={search_term_string}\"},\"query-input\":{\"@type\":\"PropertyValueSpecification\",\"valueRequired\":true,\"valueName\":\"search_term_string\"}}],\"inLanguage\":\"es\"},{\"@type\":\"Organization\",\"@id\":\"https:\\\/\\\/mariahypnotherapy.com\\\/es\\\/#organization\",\"name\":\"Maria Martinez Perez Hypnotherapy\",\"url\":\"https:\\\/\\\/mariahypnotherapy.com\\\/es\\\/\",\"logo\":{\"@type\":\"ImageObject\",\"inLanguage\":\"es\",\"@id\":\"https:\\\/\\\/mariahypnotherapy.com\\\/es\\\/#\\\/schema\\\/logo\\\/image\\\/\",\"url\":\"https:\\\/\\\/mariahypnotherapy.com\\\/wp-content\\\/uploads\\\/2020\\\/09\\\/favicon.png\",\"contentUrl\":\"https:\\\/\\\/mariahypnotherapy.com\\\/wp-content\\\/uploads\\\/2020\\\/09\\\/favicon.png\",\"width\":500,\"height\":500,\"caption\":\"Maria Martinez Perez Hypnotherapy\"},\"image\":{\"@id\":\"https:\\\/\\\/mariahypnotherapy.com\\\/es\\\/#\\\/schema\\\/logo\\\/image\\\/\"},\"sameAs\":[\"https:\\\/\\\/www.facebook.com\\\/MariaMartinez.Quantum.and.Introspective.Hypnosis\",\"https:\\\/\\\/x.com\\\/HealingBodyand1\",\"https:\\\/\\\/www.youtube.com\\\/channel\\\/UCGUR2UbB-_kuoT4wRVy_PTA\"]}]}<\/script>\n<!-- \/ Yoast SEO plugin. -->","yoast_head_json":{"title":"\u00bfQu\u00e9 es la hipnoterapia? Preguntas m\u00e1s frecuentes","description":"\u00bfQu\u00e9 es la Hipnoterapia? La terapia psicol\u00f3gica y la asesor\u00eda psicol\u00f3gica (a veces denominada \"terapia verbal\") es el tratamiento de los trastornos emocionales y psicol\u00f3gicos, los h\u00e1bitos no deseados y los sentimientos y emociones que no ayudan a la persona, utilizando solo t\u00e9cnicas psicol\u00f3gicas. El objetivo de todas esas terapias es ayudar a las personas&hellip;","robots":{"index":"index","follow":"follow","max-snippet":"max-snippet:-1","max-image-preview":"max-image-preview:large","max-video-preview":"max-video-preview:-1"},"canonical":"\u00bfQu\u00e9 es la Hipnoterapia? La terapia psicol\u00f3gica y la asesor\u00eda psicol\u00f3gica (a veces denominada \"terapia verbal\") es el tratamiento de los trastornos emocionales y psicol\u00f3gicos, los h\u00e1bitos no deseados y los sentimientos y emociones que no ayudan a la persona, utilizando solo t\u00e9cnicas psicol\u00f3gicas. El objetivo de todas esas terapias es ayudar a las personas&hellip;","og_locale":"es_ES","og_type":"article","og_title":"\u00bfQu\u00e9 es la hipnoterapia? Preguntas m\u00e1s frecuentes","og_description":"\u00bfQu\u00e9 es la Hipnoterapia? La terapia psicol\u00f3gica y la asesor\u00eda psicol\u00f3gica (a veces denominada \"terapia verbal\") es el tratamiento de los trastornos emocionales y psicol\u00f3gicos, los h\u00e1bitos no deseados y los sentimientos y emociones que no ayudan a la persona, utilizando solo t\u00e9cnicas psicol\u00f3gicas. El objetivo de todas esas terapias es ayudar a las personas&hellip;","og_url":"https:\/\/mariahypnotherapy.com\/es\/que-es-la-hipnoterapia-preguntas-mas-frecuentes\/","og_site_name":"Maria Martinez-Perez Hypnotherapy","article_publisher":"https:\/\/www.facebook.com\/MariaMartinez.Quantum.and.Introspective.Hypnosis","article_modified_time":"2020-08-22T14:27:36+00:00","og_image":[{"width":235,"height":426,"url":"https:\/\/mariahypnotherapy.com\/wp-content\/uploads\/2020\/08\/maria-martinez-perez-hypnotherapist.jpg","type":"image\/jpeg"}],"twitter_card":"summary_large_image","twitter_site":"@HealingBodyand1","twitter_misc":{"Tiempo de lectura":"5 minutos"},"schema":{"@context":"https:\/\/schema.org","@graph":[{"@type":"WebPage","@id":"https:\/\/mariahypnotherapy.com\/es\/que-es-la-hipnoterapia-preguntas-mas-frecuentes\/","url":"https:\/\/mariahypnotherapy.com\/es\/que-es-la-hipnoterapia-preguntas-mas-frecuentes\/","name":"Hypnotherapy FAQ's - Maria Martinez-Perez Hypnotherapy","isPartOf":{"@id":"https:\/\/mariahypnotherapy.com\/#website"},"datePublished":"2020-08-22T14:21:54+00:00","dateModified":"2020-08-22T14:27:36+00:00","breadcrumb":{"@id":"https:\/\/mariahypnotherapy.com\/es\/que-es-la-hipnoterapia-preguntas-mas-frecuentes\/#breadcrumb"},"inLanguage":"es","potentialAction":[{"@type":"ReadAction","target":["https:\/\/mariahypnotherapy.com\/es\/que-es-la-hipnoterapia-preguntas-mas-frecuentes\/"]}]},{"@type":"BreadcrumbList","@id":"https:\/\/mariahypnotherapy.com\/es\/que-es-la-hipnoterapia-preguntas-mas-frecuentes\/#breadcrumb","itemListElement":[{"@type":"ListItem","position":1,"name":"Home","item":"https:\/\/mariahypnotherapy.com\/"},{"@type":"ListItem","position":2,"name":"\u00bfQu\u00e9 es la hipnoterapia? Preguntas m\u00e1s frecuentes"}]},{"@type":"WebSite","@id":"https:\/\/mariahypnotherapy.com\/es\/#website","url":"https:\/\/mariahypnotherapy.com\/es\/","name":"Maria Martinez - Perez Hypnotherapy","description":"Gesti\u00f3n de la Mente y de las Emociones","publisher":{"@id":"https:\/\/mariahypnotherapy.com\/es\/#organization"},"potentialAction":[{"@type":"SearchAction","target":{"@type":"EntryPoint","urlTemplate":"https:\/\/mariahypnotherapy.com\/es\/?s={search_term_string}"},"query-input":{"@type":"PropertyValueSpecification","valueRequired":true,"valueName":"search_term_string"}}],"inLanguage":"es"},{"@type":"Organization","@id":"https:\/\/mariahypnotherapy.com\/es\/#organization","name":"Maria Martinez Perez Hypnotherapy","url":"https:\/\/mariahypnotherapy.com\/es\/","logo":{"@type":"ImageObject","inLanguage":"es","@id":"https:\/\/mariahypnotherapy.com\/es\/#\/schema\/logo\/image\/","url":"https:\/\/mariahypnotherapy.com\/wp-content\/uploads\/2020\/09\/favicon.png","contentUrl":"https:\/\/mariahypnotherapy.com\/wp-content\/uploads\/2020\/09\/favicon.png","width":500,"height":500,"caption":"Maria Martinez Perez Hypnotherapy"},"image":{"@id":"https:\/\/mariahypnotherapy.com\/es\/#\/schema\/logo\/image\/"},"sameAs":["https:\/\/www.facebook.com\/MariaMartinez.Quantum.and.Introspective.Hypnosis","https:\/\/x.com\/HealingBodyand1","https:\/\/www.youtube.com\/channel\/UCGUR2UbB-_kuoT4wRVy_PTA"]}]}},"_links":{"self":[{"href":"https:\/\/mariahypnotherapy.com\/es\/wp-json\/wp\/v2\/pages\/653","targetHints":{"allow":["GET"]}}],"collection":[{"href":"https:\/\/mariahypnotherapy.com\/es\/wp-json\/wp\/v2\/pages"}],"about":[{"href":"https:\/\/mariahypnotherapy.com\/es\/wp-json\/wp\/v2\/types\/page"}],"author":[{"embeddable":true,"href":"https:\/\/mariahypnotherapy.com\/es\/wp-json\/wp\/v2\/users\/1"}],"replies":[{"embeddable":true,"href":"https:\/\/mariahypnotherapy.com\/es\/wp-json\/wp\/v2\/comments?post=653"}],"version-history":[{"count":0,"href":"https:\/\/mariahypnotherapy.com\/es\/wp-json\/wp\/v2\/pages\/653\/revisions"}],"wp:attachment":[{"href":"https:\/\/mariahypnotherapy.com\/es\/wp-json\/wp\/v2\/media?parent=653"}],"curies":[{"name":"wp","href":"https:\/\/api.w.org\/{rel}","templated":true}]}}