{"id":631,"date":"2020-08-22T13:10:04","date_gmt":"2020-08-22T13:10:04","guid":{"rendered":"https:\/\/mariahypnotherapy.com\/DEV\/?page_id=631"},"modified":"2022-08-25T18:59:25","modified_gmt":"2022-08-25T18:59:25","slug":"does-hypnotherapy-work-testimonials","status":"publish","type":"page","link":"https:\/\/mariahypnotherapy.com\/es\/el-hipnoterapia-funciona-testimonios\/","title":{"rendered":"\u00bfEl Hipnoterapia realmente funciona? testimonios de clientes"},"content":{"rendered":"<p style=\"text-align: center;\">Querida Mar\u00eda \u2764\ufe0f<\/p>\n<p style=\"text-align: center;\">\u00a1Ayer fue un d\u00eda incre\u00edble! Hace meses que no me siento tan lleno de energ\u00eda y feliz como ayer. Tan maravilloso \u2764\ufe0f\ud83d\ude4f<\/p>\n<hr \/>\n<p class=\"wb-stl-normal\">Fui recibida con cari\u00f1o en el espacio de Mar\u00eda, y me di\u00f3 el tiempo y la sensibilidad que necesitaba para identificar el quid de mi problema, y su origen. Esta idea me permiti\u00f3 dejarlo ir y seguir adelante. Me siento muy agradecida y recomendar\u00eda a Mar\u00eda a cualquiera que est\u00e9 considerando la hipnoterapia. He probado otros pero absolutamente, ella fue\u00a0la persona m\u00e1s\u00a0indicada para m\u00ed.<\/p>\n<hr \/>\n<p class=\"wb-stl-normal\">Hola Maria,<\/p>\n<p class=\"wb-stl-normal\">Estoy tan contenta\u00a0de haber escuchado a mi coraz\u00f3n e ir a otra sesi\u00f3n de hipnosis y probar un nuevo terapeuta. Ahora\u00a0 me siento mucho m\u00e1s como m\u00ed misma,\u00a0como si me hubieran quitado una nube oscura de mi energ\u00eda. Me siento mucho m\u00e1s conectada\u00a0y en sinton\u00eda con los dem\u00e1s. Siento que amo mucho m\u00e1s a las personas y me siento m\u00e1s conectada\u00a0con esa energ\u00eda m\u00e1gica que me rodea.<\/p>\n<p class=\"wb-stl-normal\">Muchas gracias por su ayuda y estaremos en contacto!<\/p>\n<p class=\"wb-stl-normal\">Muchas gracias<\/p>\n<p class=\"wb-stl-normal\">Jade<\/p>\n<hr \/>\n<p class=\"wb-stl-normal\">Me llev\u00f3 un tiempo procesar mi experiencia, pero he sentido un cambio tan positivo!\u00a0Ya no siento que tengo que retener el dolor y el resentimiento que una vez sent\u00ed tan intensamente y durante tanto tiempo y espero que este sentimiento y liberaci\u00f3n contin\u00fae y se fortalezca. Muchas gracias por tu ayuda.<\/p>\n<p class=\"wb-stl-normal\">Ella xx<\/p>\n<hr \/>\n<p class=\"wb-stl-normal\">Estoy muy agradecido a Maria. Estaba muy preparada desde el comienzo de nuestra primera conversaci\u00f3n. Ella plane\u00f3 todo en consecuencia y se asegur\u00f3 de aclarar cada aspecto de nuestra sesi\u00f3n. Sent\u00eda una energ\u00eda maravillosa proveniente de ella. Maria fue muy emp\u00e1tica, atenta y centrada en todo lo que estaba diciendo. Esto ayud\u00f3 con el desarrollo de nuestra sesi\u00f3n. Ella sab\u00eda perfectamente c\u00f3mo y d\u00f3nde guiarme. Me sent\u00ed muy seguro\u00a0en sus manos.<\/p>\n<p class=\"wb-stl-normal\">Maria, muchas gracias!<\/p>\n<p class=\"wb-stl-normal\">Francisco B.<\/p>\n<hr \/>\n<p class=\"wb-stl-normal\">Una gran experiencia! Resolvimos un problema que hab\u00eda tenido en el que me abofeteaba compulsivamente cuando estaba solo. El problema ha desaparecido por completo ahora y definitivamente recomendar\u00eda a Maria\u00a0a cualquier persona\u00a0con un problema similar.<\/p>\n<p class=\"wb-stl-normal\">GG<\/p>\n<hr \/>\n<p class=\"wb-stl-normal\">\u00a1Solo quer\u00eda que supieras que sent\u00ed que, despu\u00e9s de nuestra \u00faltima sesi\u00f3n, realmente sent\u00ed y \u00absupe que era\u00bb delgada! Fue realmente asombroso. \u00a1No quer\u00eda comer en exceso porque era delgada, eleg\u00ed los alimentos adecuados porque era delgada!!!<\/p>\n<hr \/>\n<p class=\"wb-stl-normal\">Hola Maria,<\/p>\n<p class=\"wb-stl-normal\">Ha pasado una semana desde mi sesi\u00f3n con usted y solo quer\u00eda dejarle una l\u00ednea y decir \u00abgracias\u00bb y hacerle saber c\u00f3mo me est\u00e1 yendo.<\/p>\n<p class=\"wb-stl-normal\">Me he sentido mucho m\u00e1s tranquila\u00a0y positiva\u00a0desde la sesi\u00f3n. No puedo decir que estoy completamente \u00ablibre\u00bb de algunas de las cosas de las que hablamos, pero mis pensamientos son definitivamente menos intrusivos y mucho m\u00e1s en perspectiva. Seguir\u00e9 escuchando la grabaci\u00f3n y espero una mayor integraci\u00f3n de nuestra sesi\u00f3n en las pr\u00f3ximas semanas.<\/p>\n<p class=\"wb-stl-normal\">Gracias de nuevo. Fue una experiencia maravillosa y fuiste\u00a0muy comprensiva\u00a0y compasiva conmigo.<\/p>\n<p class=\"wb-stl-normal\">Saludos cordiales y mis mejores deseos,<br \/>Stella<\/p>\n<hr \/>\n<p class=\"wb-stl-normal\">Querida Maria<br \/>\u00a1Disfrut\u00e9 mucho reuniendome con usted\u00a0y la sesi\u00f3n fue incre\u00edble! He escuchado la grabaci\u00f3n una vez y hay mucho. \u00a1Es como si se liberara toda una vida de sentimientos reprimidos! Estoy tan contenta de haberlo hecho y\u00a0 gracias por ser tan paciente y amable.<\/p>\n<p class=\"wb-stl-normal\">Theresaxx<\/p>\n<hr \/>\n<p class=\"wb-stl-normal\">Fue un placer conocer a Mar\u00eda. Me hizo sentir muy c\u00f3modo como en casa. Recomendar\u00e9 a Mar\u00eda a familiares y amigos.<\/p>\n<p class=\"wb-stl-normal\">Paul Whiteman<\/p>\n<hr \/>\n<p class=\"wb-stl-normal\">Fue una sesi\u00f3n incre\u00edble y desde entonces me ha ayudado de muchas maneras y me ha dado mucha fuerza para seguir adelante con mi vida.<\/p>\n<p class=\"wb-stl-normal\">\u00a1Gracias!<\/p>\n<p class=\"wb-stl-normal\">Isadora<\/p>\n<hr \/>\n<p>&nbsp;<\/p>\n","protected":false},"excerpt":{"rendered":"<p>Querida Mar\u00eda \u2764\ufe0f \u00a1Ayer fue un d\u00eda incre\u00edble! Hace meses que no me siento tan lleno de energ\u00eda y feliz como ayer. Tan maravilloso \u2764\ufe0f\ud83d\ude4f Fui recibida con cari\u00f1o en&#8230;<\/p>\n","protected":false},"author":2,"featured_media":0,"parent":0,"menu_order":0,"comment_status":"closed","ping_status":"closed","template":"","meta":{"footnotes":""},"class_list":["post-631","page","type-page","status-publish","hentry"],"yoast_head":"<!-- This site is optimized with the Yoast SEO plugin v27.4 - https:\/\/yoast.com\/product\/yoast-seo-wordpress\/ -->\n<title>\u00bfEl Hipnoterapia realmente funciona? testimonios de clientes<\/title>\n<meta name=\"description\" content=\"Querida Mar\u00eda \u2764\ufe0f \u00a1Ayer fue un d\u00eda incre\u00edble! Hace meses que no me siento tan lleno de energ\u00eda y feliz como ayer. Tan maravilloso \u2764\ufe0f\ud83d\ude4f Fui recibida con cari\u00f1o en el espacio de Mar\u00eda, y me di\u00f3 el tiempo y la sensibilidad que necesitaba para identificar el quid de mi problema, y su origen. Esta&hellip;\" \/>\n<meta name=\"robots\" content=\"index, follow, max-snippet:-1, max-image-preview:large, max-video-preview:-1\" \/>\n<link rel=\"canonical\" href=\"http:\/\/Querida%20Mar\u00eda%20\u2764\ufe0f%20\u00a1Ayer%20fue%20un%20d\u00eda%20incre\u00edble!%20Hace%20meses%20que%20no%20me%20siento%20tan%20lleno%20de%20energ\u00eda%20y%20feliz%20como%20ayer.%20Tan%20maravilloso%20\u2764\ufe0f\ud83d\ude4f%20Fui%20recibida%20con%20cari\u00f1o%20en%20el%20espacio%20de%20Mar\u00eda,%20y%20me%20di\u00f3%20el%20tiempo%20y%20la%20sensibilidad%20que%20necesitaba%20para%20identificar%20el%20quid%20de%20mi%20problema,%20y%20su%20origen.%20Esta&hellip;\" \/>\n<meta property=\"og:locale\" content=\"es_ES\" \/>\n<meta property=\"og:type\" content=\"article\" \/>\n<meta property=\"og:title\" content=\"\u00bfEl Hipnoterapia realmente funciona? testimonios de clientes\" \/>\n<meta property=\"og:description\" content=\"Querida Mar\u00eda \u2764\ufe0f \u00a1Ayer fue un d\u00eda incre\u00edble! Hace meses que no me siento tan lleno de energ\u00eda y feliz como ayer. Tan maravilloso \u2764\ufe0f\ud83d\ude4f Fui recibida con cari\u00f1o en el espacio de Mar\u00eda, y me di\u00f3 el tiempo y la sensibilidad que necesitaba para identificar el quid de mi problema, y su origen. Esta&hellip;\" \/>\n<meta property=\"og:url\" content=\"https:\/\/mariahypnotherapy.com\/es\/el-hipnoterapia-funciona-testimonios\/\" \/>\n<meta property=\"og:site_name\" content=\"Maria Martinez-Perez Hypnotherapy\" \/>\n<meta property=\"article:publisher\" content=\"https:\/\/www.facebook.com\/MariaMartinez.Quantum.and.Introspective.Hypnosis\" \/>\n<meta property=\"article:modified_time\" content=\"2022-08-25T18:59:25+00:00\" \/>\n<meta property=\"og:image\" content=\"https:\/\/mariahypnotherapy.com\/wp-content\/uploads\/2020\/08\/maria-martinez-perez-hypnotherapist.jpg\" \/>\n\t<meta property=\"og:image:width\" content=\"235\" \/>\n\t<meta property=\"og:image:height\" content=\"426\" \/>\n\t<meta property=\"og:image:type\" content=\"image\/jpeg\" \/>\n<meta name=\"twitter:card\" content=\"summary_large_image\" \/>\n<meta name=\"twitter:site\" content=\"@HealingBodyand1\" \/>\n<meta name=\"twitter:label1\" content=\"Tiempo de lectura\" \/>\n\t<meta name=\"twitter:data1\" content=\"3 minutos\" \/>\n<script type=\"application\/ld+json\" class=\"yoast-schema-graph\">{\"@context\":\"https:\\\/\\\/schema.org\",\"@graph\":[{\"@type\":\"WebPage\",\"@id\":\"https:\\\/\\\/mariahypnotherapy.com\\\/es\\\/el-hipnoterapia-funciona-testimonios\\\/\",\"url\":\"https:\\\/\\\/mariahypnotherapy.com\\\/es\\\/el-hipnoterapia-funciona-testimonios\\\/\",\"name\":\"Does Hypnotherapy Really Work? Client Testimonials - Maria Martinez-Perez Hypnotherapy\",\"isPartOf\":{\"@id\":\"https:\\\/\\\/mariahypnotherapy.com\\\/#website\"},\"datePublished\":\"2020-08-22T13:10:04+00:00\",\"dateModified\":\"2022-08-25T18:59:25+00:00\",\"breadcrumb\":{\"@id\":\"https:\\\/\\\/mariahypnotherapy.com\\\/es\\\/el-hipnoterapia-funciona-testimonios\\\/#breadcrumb\"},\"inLanguage\":\"es\",\"potentialAction\":[{\"@type\":\"ReadAction\",\"target\":[\"https:\\\/\\\/mariahypnotherapy.com\\\/es\\\/el-hipnoterapia-funciona-testimonios\\\/\"]}]},{\"@type\":\"BreadcrumbList\",\"@id\":\"https:\\\/\\\/mariahypnotherapy.com\\\/es\\\/el-hipnoterapia-funciona-testimonios\\\/#breadcrumb\",\"itemListElement\":[{\"@type\":\"ListItem\",\"position\":1,\"name\":\"Home\",\"item\":\"https:\\\/\\\/mariahypnotherapy.com\\\/\"},{\"@type\":\"ListItem\",\"position\":2,\"name\":\"\u00bfEl Hipnoterapia realmente funciona? testimonios de clientes\"}]},{\"@type\":\"WebSite\",\"@id\":\"https:\\\/\\\/mariahypnotherapy.com\\\/es\\\/#website\",\"url\":\"https:\\\/\\\/mariahypnotherapy.com\\\/es\\\/\",\"name\":\"Maria Martinez - Perez Hypnotherapy\",\"description\":\"Gesti\u00f3n de la Mente y de las Emociones\",\"publisher\":{\"@id\":\"https:\\\/\\\/mariahypnotherapy.com\\\/es\\\/#organization\"},\"potentialAction\":[{\"@type\":\"SearchAction\",\"target\":{\"@type\":\"EntryPoint\",\"urlTemplate\":\"https:\\\/\\\/mariahypnotherapy.com\\\/es\\\/?s={search_term_string}\"},\"query-input\":{\"@type\":\"PropertyValueSpecification\",\"valueRequired\":true,\"valueName\":\"search_term_string\"}}],\"inLanguage\":\"es\"},{\"@type\":\"Organization\",\"@id\":\"https:\\\/\\\/mariahypnotherapy.com\\\/es\\\/#organization\",\"name\":\"Maria Martinez Perez Hypnotherapy\",\"url\":\"https:\\\/\\\/mariahypnotherapy.com\\\/es\\\/\",\"logo\":{\"@type\":\"ImageObject\",\"inLanguage\":\"es\",\"@id\":\"https:\\\/\\\/mariahypnotherapy.com\\\/es\\\/#\\\/schema\\\/logo\\\/image\\\/\",\"url\":\"https:\\\/\\\/mariahypnotherapy.com\\\/wp-content\\\/uploads\\\/2020\\\/09\\\/favicon.png\",\"contentUrl\":\"https:\\\/\\\/mariahypnotherapy.com\\\/wp-content\\\/uploads\\\/2020\\\/09\\\/favicon.png\",\"width\":500,\"height\":500,\"caption\":\"Maria Martinez Perez Hypnotherapy\"},\"image\":{\"@id\":\"https:\\\/\\\/mariahypnotherapy.com\\\/es\\\/#\\\/schema\\\/logo\\\/image\\\/\"},\"sameAs\":[\"https:\\\/\\\/www.facebook.com\\\/MariaMartinez.Quantum.and.Introspective.Hypnosis\",\"https:\\\/\\\/x.com\\\/HealingBodyand1\",\"https:\\\/\\\/www.youtube.com\\\/channel\\\/UCGUR2UbB-_kuoT4wRVy_PTA\"]}]}<\/script>\n<!-- \/ Yoast SEO plugin. -->","yoast_head_json":{"title":"\u00bfEl Hipnoterapia realmente funciona? testimonios de clientes","description":"Querida Mar\u00eda \u2764\ufe0f \u00a1Ayer fue un d\u00eda incre\u00edble! Hace meses que no me siento tan lleno de energ\u00eda y feliz como ayer. Tan maravilloso \u2764\ufe0f\ud83d\ude4f Fui recibida con cari\u00f1o en el espacio de Mar\u00eda, y me di\u00f3 el tiempo y la sensibilidad que necesitaba para identificar el quid de mi problema, y su origen. Esta&hellip;","robots":{"index":"index","follow":"follow","max-snippet":"max-snippet:-1","max-image-preview":"max-image-preview:large","max-video-preview":"max-video-preview:-1"},"canonical":"Querida Mar\u00eda \u2764\ufe0f \u00a1Ayer fue un d\u00eda incre\u00edble! Hace meses que no me siento tan lleno de energ\u00eda y feliz como ayer. Tan maravilloso \u2764\ufe0f\ud83d\ude4f Fui recibida con cari\u00f1o en el espacio de Mar\u00eda, y me di\u00f3 el tiempo y la sensibilidad que necesitaba para identificar el quid de mi problema, y su origen. Esta&hellip;","og_locale":"es_ES","og_type":"article","og_title":"\u00bfEl Hipnoterapia realmente funciona? testimonios de clientes","og_description":"Querida Mar\u00eda \u2764\ufe0f \u00a1Ayer fue un d\u00eda incre\u00edble! Hace meses que no me siento tan lleno de energ\u00eda y feliz como ayer. Tan maravilloso \u2764\ufe0f\ud83d\ude4f Fui recibida con cari\u00f1o en el espacio de Mar\u00eda, y me di\u00f3 el tiempo y la sensibilidad que necesitaba para identificar el quid de mi problema, y su origen. Esta&hellip;","og_url":"https:\/\/mariahypnotherapy.com\/es\/el-hipnoterapia-funciona-testimonios\/","og_site_name":"Maria Martinez-Perez Hypnotherapy","article_publisher":"https:\/\/www.facebook.com\/MariaMartinez.Quantum.and.Introspective.Hypnosis","article_modified_time":"2022-08-25T18:59:25+00:00","og_image":[{"width":235,"height":426,"url":"https:\/\/mariahypnotherapy.com\/wp-content\/uploads\/2020\/08\/maria-martinez-perez-hypnotherapist.jpg","type":"image\/jpeg"}],"twitter_card":"summary_large_image","twitter_site":"@HealingBodyand1","twitter_misc":{"Tiempo de lectura":"3 minutos"},"schema":{"@context":"https:\/\/schema.org","@graph":[{"@type":"WebPage","@id":"https:\/\/mariahypnotherapy.com\/es\/el-hipnoterapia-funciona-testimonios\/","url":"https:\/\/mariahypnotherapy.com\/es\/el-hipnoterapia-funciona-testimonios\/","name":"Does Hypnotherapy Really Work? Client Testimonials - Maria Martinez-Perez Hypnotherapy","isPartOf":{"@id":"https:\/\/mariahypnotherapy.com\/#website"},"datePublished":"2020-08-22T13:10:04+00:00","dateModified":"2022-08-25T18:59:25+00:00","breadcrumb":{"@id":"https:\/\/mariahypnotherapy.com\/es\/el-hipnoterapia-funciona-testimonios\/#breadcrumb"},"inLanguage":"es","potentialAction":[{"@type":"ReadAction","target":["https:\/\/mariahypnotherapy.com\/es\/el-hipnoterapia-funciona-testimonios\/"]}]},{"@type":"BreadcrumbList","@id":"https:\/\/mariahypnotherapy.com\/es\/el-hipnoterapia-funciona-testimonios\/#breadcrumb","itemListElement":[{"@type":"ListItem","position":1,"name":"Home","item":"https:\/\/mariahypnotherapy.com\/"},{"@type":"ListItem","position":2,"name":"\u00bfEl Hipnoterapia realmente funciona? testimonios de clientes"}]},{"@type":"WebSite","@id":"https:\/\/mariahypnotherapy.com\/es\/#website","url":"https:\/\/mariahypnotherapy.com\/es\/","name":"Maria Martinez - Perez Hypnotherapy","description":"Gesti\u00f3n de la Mente y de las Emociones","publisher":{"@id":"https:\/\/mariahypnotherapy.com\/es\/#organization"},"potentialAction":[{"@type":"SearchAction","target":{"@type":"EntryPoint","urlTemplate":"https:\/\/mariahypnotherapy.com\/es\/?s={search_term_string}"},"query-input":{"@type":"PropertyValueSpecification","valueRequired":true,"valueName":"search_term_string"}}],"inLanguage":"es"},{"@type":"Organization","@id":"https:\/\/mariahypnotherapy.com\/es\/#organization","name":"Maria Martinez Perez Hypnotherapy","url":"https:\/\/mariahypnotherapy.com\/es\/","logo":{"@type":"ImageObject","inLanguage":"es","@id":"https:\/\/mariahypnotherapy.com\/es\/#\/schema\/logo\/image\/","url":"https:\/\/mariahypnotherapy.com\/wp-content\/uploads\/2020\/09\/favicon.png","contentUrl":"https:\/\/mariahypnotherapy.com\/wp-content\/uploads\/2020\/09\/favicon.png","width":500,"height":500,"caption":"Maria Martinez Perez Hypnotherapy"},"image":{"@id":"https:\/\/mariahypnotherapy.com\/es\/#\/schema\/logo\/image\/"},"sameAs":["https:\/\/www.facebook.com\/MariaMartinez.Quantum.and.Introspective.Hypnosis","https:\/\/x.com\/HealingBodyand1","https:\/\/www.youtube.com\/channel\/UCGUR2UbB-_kuoT4wRVy_PTA"]}]}},"_links":{"self":[{"href":"https:\/\/mariahypnotherapy.com\/es\/wp-json\/wp\/v2\/pages\/631","targetHints":{"allow":["GET"]}}],"collection":[{"href":"https:\/\/mariahypnotherapy.com\/es\/wp-json\/wp\/v2\/pages"}],"about":[{"href":"https:\/\/mariahypnotherapy.com\/es\/wp-json\/wp\/v2\/types\/page"}],"author":[{"embeddable":true,"href":"https:\/\/mariahypnotherapy.com\/es\/wp-json\/wp\/v2\/users\/2"}],"replies":[{"embeddable":true,"href":"https:\/\/mariahypnotherapy.com\/es\/wp-json\/wp\/v2\/comments?post=631"}],"version-history":[{"count":2,"href":"https:\/\/mariahypnotherapy.com\/es\/wp-json\/wp\/v2\/pages\/631\/revisions"}],"predecessor-version":[{"id":1730,"href":"https:\/\/mariahypnotherapy.com\/es\/wp-json\/wp\/v2\/pages\/631\/revisions\/1730"}],"wp:attachment":[{"href":"https:\/\/mariahypnotherapy.com\/es\/wp-json\/wp\/v2\/media?parent=631"}],"curies":[{"name":"wp","href":"https:\/\/api.w.org\/{rel}","templated":true}]}}