{"id":594,"date":"2020-08-21T16:13:10","date_gmt":"2020-08-21T16:13:10","guid":{"rendered":"https:\/\/mariahypnotherapy.com\/DEV\/?page_id=594"},"modified":"2020-08-21T16:13:15","modified_gmt":"2020-08-21T16:13:15","slug":"terms-conditions","status":"publish","type":"page","link":"https:\/\/mariahypnotherapy.com\/es\/terminos-y-condiciones-maria-martinez-perez\/","title":{"rendered":"T\u00e9rminos y Condiciones"},"content":{"rendered":"<div class=\"wb_cont_inner\">\n<div id=\"wb_element_instance555\" class=\"wb_element wb_text_element\">\n<p class=\"wb-stl-subtitle\"><strong>Por favor, consulte tambi\u00e9n nuestra pol\u00edtica de privacidad.<\/strong><\/p>\n<h2 class=\"wb-stl-heading2\">\u00daLTIMA ACTUALIZACI\u00d3N EN JULIO DE 2020<\/h2>\n<p class=\"wb-stl-normal\">Al\u00a0<a href=\"https:\/\/mariahypnotherapy.com\/es\/Contacto\/#Languages\">reservar una consulta<\/a>\u00a0conmigo (Maria A. Martinez-Perez), usted acepta cumplir con los t\u00e9rminos y condiciones de la siguiente manera:<\/p>\n<ul>\n<li class=\"wb-stl-normal\">Usted est\u00e1 dispuesto a ser guiado a trav\u00e9s de la relajaci\u00f3n, las im\u00e1genes visuales y \/ o la hipnosis. Tambi\u00e9n es consciente de que estas modalidades terap\u00e9uticas son de naturaleza no m\u00e9dica y complementaria y es su responsabilidad consultar a su m\u00e9dico habitual sobre cualquier cambio en su condici\u00f3n o cambios en su medicamento.<\/li>\n<\/ul>\n<p class=\"wb-stl-normal\">\u00a0<\/p>\n<ul>\n<li class=\"wb-stl-normal\">Usted comprende que las modalidades anteriores no son sustitutas de la atenci\u00f3n m\u00e9dica regular. Se le ha aconsejado que consulte a su m\u00e9dico habitual o profesional de la salud para el tratamiento de cualquier afecci\u00f3n m\u00e9dica anterior, nueva o existente.<\/li>\n<\/ul>\n<p class=\"wb-stl-normal\">\u00a0<\/p>\n<ul>\n<li class=\"wb-stl-normal\">Entiendes que estar hipnotizado no es estar dormido. Durante un trance hipn\u00f3tico profundo, puede abrir los ojos, hablar, re\u00edr, caminar y puede darse cuenta de todo lo que sucede a su alrededor. Incluso puedes abrir los ojos y pensar que no funciona y que no est\u00e1s hipnotizado. Pero cuando permite que esos sentimientos o pensamientos que le vienen a la mente fluyan libremente, podr\u00e1 relajarse por completo, recordar eventos olvidados, reprogramar el comportamiento y mejorar los recursos internos y las facultades del cuerpo y la mente.<\/li>\n<\/ul>\n<p class=\"wb-stl-normal\">\u00a0<\/p>\n<ul>\n<li class=\"wb-stl-normal\">Usted comprende que toda curaci\u00f3n es autocuraci\u00f3n y que Mar\u00eda es solo una facilitadora en el proceso de ayudarlo a resolver sus problemas. Usted acepta ser abierto y honesto, proporcionar comentarios precisos y comunicar detalles e informaci\u00f3n que puedan ayudarlo a lograr los resultados deseados.<\/li>\n<\/ul>\n<p class=\"wb-stl-normal\">\u00a0<\/p>\n<ul>\n<li class=\"wb-stl-normal\">Usted acepta que el pago total se debe al final de la sesi\u00f3n. Entiende que los resultados var\u00edan y son \u00fanicos para cada individuo y que no se pueden garantizar resultados espec\u00edficos.<\/li>\n<\/ul>\n<p class=\"wb-stl-normal\">\u00a0<\/p>\n<ul>\n<li class=\"wb-stl-normal\">Usted comprende completamente que Mar\u00eda \u00c1ngeles Mart\u00ednez-P\u00e9rez, quien va a realizar la terapia, no es m\u00e9dico, ni tiene un t\u00edtulo en Psiquiatr\u00eda, y no puede diagnosticar ni tratar ning\u00fan tipo de trastorno f\u00edsico o mental.<\/li>\n<\/ul>\n<p class=\"wb-stl-normal\">\u00a0<\/p>\n<ul>\n<li class=\"wb-stl-normal\">Excepto en el caso de negligencia grave o negligencia, usted o su representante (s) acuerdan liberar por completo y exonerar a Maria A. Martinez-Perez de y contra cualquier reclamo o responsabilidad de cualquier tipo o naturaleza que surja de o en conexi\u00f3n con mis sesiones.<\/li>\n<\/ul>\n<p class=\"wb-stl-normal\">\u00a0<\/p>\n<ul>\n<li class=\"wb-stl-normal\">Estos T\u00e9rminos y Condiciones se regir\u00e1n e interpretar\u00e1n de conformidad con las leyes de Inglaterra y Gales. Las disputas que surjan aqu\u00ed estar\u00e1n sujetas exclusivamente a la jurisdicci\u00f3n de los tribunales de Inglaterra y Gales.<\/li>\n<\/ul>\n<\/div>\n<div id=\"wb_element_instance564\" class=\"wb_element wb_skype_element\">\u00a0<\/div>\n<\/div>\n<div class=\"wb_cont_outer\">\n<div id=\"wb_element_instance568\" class=\"wb_element wb_element_shape\">\u00a0<\/div>\n<\/div>\n","protected":false},"excerpt":{"rendered":"<p>Por favor, consulte tambi\u00e9n nuestra pol\u00edtica de privacidad. \u00daLTIMA ACTUALIZACI\u00d3N EN JULIO DE 2020 Al\u00a0reservar una consulta\u00a0conmigo (Maria A. Martinez-Perez), usted acepta cumplir con los t\u00e9rminos y condiciones de la&#8230;<\/p>\n","protected":false},"author":1,"featured_media":0,"parent":0,"menu_order":0,"comment_status":"closed","ping_status":"closed","template":"","meta":{"footnotes":""},"class_list":["post-594","page","type-page","status-publish","hentry"],"yoast_head":"<!-- This site is optimized with the Yoast SEO plugin v27.4 - https:\/\/yoast.com\/product\/yoast-seo-wordpress\/ -->\n<title>T\u00e9rminos y Condiciones<\/title>\n<meta name=\"description\" content=\"Por favor, consulte tambi\u00e9n nuestra pol\u00edtica de privacidad. \u00daLTIMA ACTUALIZACI\u00d3N EN JULIO DE 2020 Al\u00a0reservar una consulta\u00a0conmigo (Maria A. Martinez-Perez), usted acepta cumplir con los t\u00e9rminos y condiciones de la siguiente manera: Usted est\u00e1 dispuesto a ser guiado a trav\u00e9s de la relajaci\u00f3n, las im\u00e1genes visuales y \/ o la hipnosis. Tambi\u00e9n es consciente de&hellip;\" \/>\n<meta name=\"robots\" content=\"index, follow, max-snippet:-1, max-image-preview:large, max-video-preview:-1\" \/>\n<link rel=\"canonical\" href=\"\" \/>\n<meta property=\"og:locale\" content=\"es_ES\" \/>\n<meta property=\"og:type\" content=\"article\" \/>\n<meta property=\"og:title\" content=\"T\u00e9rminos y Condiciones\" \/>\n<meta property=\"og:description\" content=\"Por favor, consulte tambi\u00e9n nuestra pol\u00edtica de privacidad. \u00daLTIMA ACTUALIZACI\u00d3N EN JULIO DE 2020 Al\u00a0reservar una consulta\u00a0conmigo (Maria A. Martinez-Perez), usted acepta cumplir con los t\u00e9rminos y condiciones de la siguiente manera: Usted est\u00e1 dispuesto a ser guiado a trav\u00e9s de la relajaci\u00f3n, las im\u00e1genes visuales y \/ o la hipnosis. Tambi\u00e9n es consciente de&hellip;\" \/>\n<meta property=\"og:url\" content=\"https:\/\/mariahypnotherapy.com\/es\/terminos-y-condiciones-maria-martinez-perez\/\" \/>\n<meta property=\"og:site_name\" content=\"Maria Martinez-Perez Hypnotherapy\" \/>\n<meta property=\"article:publisher\" content=\"https:\/\/www.facebook.com\/MariaMartinez.Quantum.and.Introspective.Hypnosis\" \/>\n<meta property=\"article:modified_time\" content=\"2020-08-21T16:13:15+00:00\" \/>\n<meta property=\"og:image\" content=\"https:\/\/mariahypnotherapy.com\/wp-content\/uploads\/2020\/08\/maria-martinez-perez-hypnotherapist.jpg\" \/>\n\t<meta property=\"og:image:width\" content=\"235\" \/>\n\t<meta property=\"og:image:height\" content=\"426\" \/>\n\t<meta property=\"og:image:type\" content=\"image\/jpeg\" \/>\n<meta name=\"twitter:card\" content=\"summary_large_image\" \/>\n<meta name=\"twitter:site\" content=\"@HealingBodyand1\" \/>\n<meta name=\"twitter:label1\" content=\"Tiempo de lectura\" \/>\n\t<meta name=\"twitter:data1\" content=\"2 minutos\" \/>\n<script type=\"application\/ld+json\" class=\"yoast-schema-graph\">{\"@context\":\"https:\\\/\\\/schema.org\",\"@graph\":[{\"@type\":\"WebPage\",\"@id\":\"https:\\\/\\\/mariahypnotherapy.com\\\/es\\\/terminos-y-condiciones-maria-martinez-perez\\\/\",\"url\":\"https:\\\/\\\/mariahypnotherapy.com\\\/es\\\/terminos-y-condiciones-maria-martinez-perez\\\/\",\"name\":\"Terms & Conditions - Maria Martinez-Perez Hypnotherapy\",\"isPartOf\":{\"@id\":\"https:\\\/\\\/mariahypnotherapy.com\\\/#website\"},\"datePublished\":\"2020-08-21T16:13:10+00:00\",\"dateModified\":\"2020-08-21T16:13:15+00:00\",\"breadcrumb\":{\"@id\":\"https:\\\/\\\/mariahypnotherapy.com\\\/es\\\/terminos-y-condiciones-maria-martinez-perez\\\/#breadcrumb\"},\"inLanguage\":\"es\",\"potentialAction\":[{\"@type\":\"ReadAction\",\"target\":[\"https:\\\/\\\/mariahypnotherapy.com\\\/es\\\/terminos-y-condiciones-maria-martinez-perez\\\/\"]}]},{\"@type\":\"BreadcrumbList\",\"@id\":\"https:\\\/\\\/mariahypnotherapy.com\\\/es\\\/terminos-y-condiciones-maria-martinez-perez\\\/#breadcrumb\",\"itemListElement\":[{\"@type\":\"ListItem\",\"position\":1,\"name\":\"Home\",\"item\":\"https:\\\/\\\/mariahypnotherapy.com\\\/\"},{\"@type\":\"ListItem\",\"position\":2,\"name\":\"T\u00e9rminos y Condiciones\"}]},{\"@type\":\"WebSite\",\"@id\":\"https:\\\/\\\/mariahypnotherapy.com\\\/es\\\/#website\",\"url\":\"https:\\\/\\\/mariahypnotherapy.com\\\/es\\\/\",\"name\":\"Maria Martinez - Perez Hypnotherapy\",\"description\":\"Gesti\u00f3n de la Mente y de las Emociones\",\"publisher\":{\"@id\":\"https:\\\/\\\/mariahypnotherapy.com\\\/es\\\/#organization\"},\"potentialAction\":[{\"@type\":\"SearchAction\",\"target\":{\"@type\":\"EntryPoint\",\"urlTemplate\":\"https:\\\/\\\/mariahypnotherapy.com\\\/es\\\/?s={search_term_string}\"},\"query-input\":{\"@type\":\"PropertyValueSpecification\",\"valueRequired\":true,\"valueName\":\"search_term_string\"}}],\"inLanguage\":\"es\"},{\"@type\":\"Organization\",\"@id\":\"https:\\\/\\\/mariahypnotherapy.com\\\/es\\\/#organization\",\"name\":\"Maria Martinez Perez Hypnotherapy\",\"url\":\"https:\\\/\\\/mariahypnotherapy.com\\\/es\\\/\",\"logo\":{\"@type\":\"ImageObject\",\"inLanguage\":\"es\",\"@id\":\"https:\\\/\\\/mariahypnotherapy.com\\\/es\\\/#\\\/schema\\\/logo\\\/image\\\/\",\"url\":\"https:\\\/\\\/mariahypnotherapy.com\\\/wp-content\\\/uploads\\\/2020\\\/09\\\/favicon.png\",\"contentUrl\":\"https:\\\/\\\/mariahypnotherapy.com\\\/wp-content\\\/uploads\\\/2020\\\/09\\\/favicon.png\",\"width\":500,\"height\":500,\"caption\":\"Maria Martinez Perez Hypnotherapy\"},\"image\":{\"@id\":\"https:\\\/\\\/mariahypnotherapy.com\\\/es\\\/#\\\/schema\\\/logo\\\/image\\\/\"},\"sameAs\":[\"https:\\\/\\\/www.facebook.com\\\/MariaMartinez.Quantum.and.Introspective.Hypnosis\",\"https:\\\/\\\/x.com\\\/HealingBodyand1\",\"https:\\\/\\\/www.youtube.com\\\/channel\\\/UCGUR2UbB-_kuoT4wRVy_PTA\"]}]}<\/script>\n<!-- \/ Yoast SEO plugin. -->","yoast_head_json":{"title":"T\u00e9rminos y Condiciones","description":"Por favor, consulte tambi\u00e9n nuestra pol\u00edtica de privacidad. \u00daLTIMA ACTUALIZACI\u00d3N EN JULIO DE 2020 Al\u00a0reservar una consulta\u00a0conmigo (Maria A. Martinez-Perez), usted acepta cumplir con los t\u00e9rminos y condiciones de la siguiente manera: Usted est\u00e1 dispuesto a ser guiado a trav\u00e9s de la relajaci\u00f3n, las im\u00e1genes visuales y \/ o la hipnosis. Tambi\u00e9n es consciente de&hellip;","robots":{"index":"index","follow":"follow","max-snippet":"max-snippet:-1","max-image-preview":"max-image-preview:large","max-video-preview":"max-video-preview:-1"},"canonical":"Por favor, consulte tambi\u00e9n nuestra pol\u00edtica de privacidad. \u00daLTIMA ACTUALIZACI\u00d3N EN JULIO DE 2020 Al\u00a0reservar una consulta\u00a0conmigo (Maria A. Martinez-Perez), usted acepta cumplir con los t\u00e9rminos y condiciones de la siguiente manera: Usted est\u00e1 dispuesto a ser guiado a trav\u00e9s de la relajaci\u00f3n, las im\u00e1genes visuales y \/ o la hipnosis. Tambi\u00e9n es consciente de&hellip;","og_locale":"es_ES","og_type":"article","og_title":"T\u00e9rminos y Condiciones","og_description":"Por favor, consulte tambi\u00e9n nuestra pol\u00edtica de privacidad. \u00daLTIMA ACTUALIZACI\u00d3N EN JULIO DE 2020 Al\u00a0reservar una consulta\u00a0conmigo (Maria A. Martinez-Perez), usted acepta cumplir con los t\u00e9rminos y condiciones de la siguiente manera: Usted est\u00e1 dispuesto a ser guiado a trav\u00e9s de la relajaci\u00f3n, las im\u00e1genes visuales y \/ o la hipnosis. Tambi\u00e9n es consciente de&hellip;","og_url":"https:\/\/mariahypnotherapy.com\/es\/terminos-y-condiciones-maria-martinez-perez\/","og_site_name":"Maria Martinez-Perez Hypnotherapy","article_publisher":"https:\/\/www.facebook.com\/MariaMartinez.Quantum.and.Introspective.Hypnosis","article_modified_time":"2020-08-21T16:13:15+00:00","og_image":[{"width":235,"height":426,"url":"https:\/\/mariahypnotherapy.com\/wp-content\/uploads\/2020\/08\/maria-martinez-perez-hypnotherapist.jpg","type":"image\/jpeg"}],"twitter_card":"summary_large_image","twitter_site":"@HealingBodyand1","twitter_misc":{"Tiempo de lectura":"2 minutos"},"schema":{"@context":"https:\/\/schema.org","@graph":[{"@type":"WebPage","@id":"https:\/\/mariahypnotherapy.com\/es\/terminos-y-condiciones-maria-martinez-perez\/","url":"https:\/\/mariahypnotherapy.com\/es\/terminos-y-condiciones-maria-martinez-perez\/","name":"Terms & Conditions - Maria Martinez-Perez Hypnotherapy","isPartOf":{"@id":"https:\/\/mariahypnotherapy.com\/#website"},"datePublished":"2020-08-21T16:13:10+00:00","dateModified":"2020-08-21T16:13:15+00:00","breadcrumb":{"@id":"https:\/\/mariahypnotherapy.com\/es\/terminos-y-condiciones-maria-martinez-perez\/#breadcrumb"},"inLanguage":"es","potentialAction":[{"@type":"ReadAction","target":["https:\/\/mariahypnotherapy.com\/es\/terminos-y-condiciones-maria-martinez-perez\/"]}]},{"@type":"BreadcrumbList","@id":"https:\/\/mariahypnotherapy.com\/es\/terminos-y-condiciones-maria-martinez-perez\/#breadcrumb","itemListElement":[{"@type":"ListItem","position":1,"name":"Home","item":"https:\/\/mariahypnotherapy.com\/"},{"@type":"ListItem","position":2,"name":"T\u00e9rminos y Condiciones"}]},{"@type":"WebSite","@id":"https:\/\/mariahypnotherapy.com\/es\/#website","url":"https:\/\/mariahypnotherapy.com\/es\/","name":"Maria Martinez - Perez Hypnotherapy","description":"Gesti\u00f3n de la Mente y de las Emociones","publisher":{"@id":"https:\/\/mariahypnotherapy.com\/es\/#organization"},"potentialAction":[{"@type":"SearchAction","target":{"@type":"EntryPoint","urlTemplate":"https:\/\/mariahypnotherapy.com\/es\/?s={search_term_string}"},"query-input":{"@type":"PropertyValueSpecification","valueRequired":true,"valueName":"search_term_string"}}],"inLanguage":"es"},{"@type":"Organization","@id":"https:\/\/mariahypnotherapy.com\/es\/#organization","name":"Maria Martinez Perez Hypnotherapy","url":"https:\/\/mariahypnotherapy.com\/es\/","logo":{"@type":"ImageObject","inLanguage":"es","@id":"https:\/\/mariahypnotherapy.com\/es\/#\/schema\/logo\/image\/","url":"https:\/\/mariahypnotherapy.com\/wp-content\/uploads\/2020\/09\/favicon.png","contentUrl":"https:\/\/mariahypnotherapy.com\/wp-content\/uploads\/2020\/09\/favicon.png","width":500,"height":500,"caption":"Maria Martinez Perez Hypnotherapy"},"image":{"@id":"https:\/\/mariahypnotherapy.com\/es\/#\/schema\/logo\/image\/"},"sameAs":["https:\/\/www.facebook.com\/MariaMartinez.Quantum.and.Introspective.Hypnosis","https:\/\/x.com\/HealingBodyand1","https:\/\/www.youtube.com\/channel\/UCGUR2UbB-_kuoT4wRVy_PTA"]}]}},"_links":{"self":[{"href":"https:\/\/mariahypnotherapy.com\/es\/wp-json\/wp\/v2\/pages\/594","targetHints":{"allow":["GET"]}}],"collection":[{"href":"https:\/\/mariahypnotherapy.com\/es\/wp-json\/wp\/v2\/pages"}],"about":[{"href":"https:\/\/mariahypnotherapy.com\/es\/wp-json\/wp\/v2\/types\/page"}],"author":[{"embeddable":true,"href":"https:\/\/mariahypnotherapy.com\/es\/wp-json\/wp\/v2\/users\/1"}],"replies":[{"embeddable":true,"href":"https:\/\/mariahypnotherapy.com\/es\/wp-json\/wp\/v2\/comments?post=594"}],"version-history":[{"count":0,"href":"https:\/\/mariahypnotherapy.com\/es\/wp-json\/wp\/v2\/pages\/594\/revisions"}],"wp:attachment":[{"href":"https:\/\/mariahypnotherapy.com\/es\/wp-json\/wp\/v2\/media?parent=594"}],"curies":[{"name":"wp","href":"https:\/\/api.w.org\/{rel}","templated":true}]}}